{"id":138,"date":"2018-07-08T10:55:34","date_gmt":"2018-07-08T10:55:34","guid":{"rendered":"http:\/\/tf.themedraft.com\/wp\/xzopro\/?page_id=138"},"modified":"2025-03-27T10:38:27","modified_gmt":"2025-03-27T10:38:27","slug":"li-nay","status":"publish","type":"page","link":"https:\/\/agpack.com.tr\/?page_id=138","title":{"rendered":"L\u0130NAY"},"content":{"rendered":"<div class=\"wpb-content-wrapper\"><p>[vc_row css=&#8221;.vc_custom_1529983139121{padding-top: 100px !important;padding-bottom: 15px !important;}&#8221;][vc_column][vc_single_image image=&#8221;2358&#8243; img_size=&#8221;full&#8221; alignment=&#8221;center&#8221; css=&#8221;&#8221;][\/vc_column][\/vc_row][vc_row][vc_column width=&#8221;1\/2&#8243; css=&#8221;.vc_custom_1742990134883{border-color: #033270 !important;}&#8221;][vc_images_carousel images=&#8221;2360,2361,2362,2363&#8243; img_size=&#8221;full&#8221; autoplay=&#8221;yes&#8221; css=&#8221;&#8221;]\n    <div class=\"unordered-list-wrap \">\n         \n        <h4>HAREKETL\u0130 HAVLULAR<\/h4>\n                \n            <div class=\"twial-list short-list no-list-style unordered-list-553 list-icon-type-imageicon\">\n                <ul><li><i class=\"\"><\/i>2,5 kg. \/ 3 kg. \/ 3,5 kg. \/ 4 kg. \/ 5 kg. \/ 6 kg. \/ 7 kg. \/ 8 kg. \/ 9 kg.<\/li><li><i class=\"\"><\/i>2 katl\u0131<\/li><li><i class=\"\"><\/i>46 gr.<\/li><li><i class=\"\"><\/i>Koli i\u00e7i 6 adet<\/li><li><i class=\"\"><\/i>Yaprak eni 21 cm.<\/li>\n                <\/ul>\n            <\/div>  \n            \n                <style>\n                     .unordered-list-553.list-icon-type-imageicon li:before {\n                         background-image: url(https:\/\/agpack.com.tr\/wp-content\/uploads\/2018\/07\/lict-icon.png);\n                     }   \n                <\/style>\n            \n    <\/div>\n    [\/vc_column][vc_column width=&#8221;1\/2&#8243;][vc_images_carousel images=&#8221;2365,2364,2366,2367&#8243; img_size=&#8221;full&#8221; autoplay=&#8221;yes&#8221; css=&#8221;&#8221;]\n    <div class=\"unordered-list-wrap \">\n         \n        <h4>\u0130\u00c7TEN \u00c7EKMEL\u0130 HAVLULAR<\/h4>\n                \n            <div class=\"twial-list short-list no-list-style unordered-list-777 list-icon-type-imageicon\">\n                <ul><li><i class=\"\"><\/i>2,5 kg. \/ 3 kg. \/ 3,5 kg. \/ 4 kg. \/ 5 kg. \/ 6 kg.<\/li><li><i class=\"\"><\/i>2 katl\u0131<\/li><li><i class=\"\"><\/i>46 gr.<\/li><li><i class=\"\"><\/i>Koli i\u00e7i 6 adet<\/li><li><i class=\"\"><\/i>Yaprak eni 21 cm, Yaprak boyu 11,5 cm<\/li>\n                <\/ul>\n            <\/div>  \n            \n                <style>\n                     .unordered-list-777.list-icon-type-imageicon li:before {\n                         background-image: url(https:\/\/agpack.com.tr\/wp-content\/uploads\/2018\/07\/lict-icon.png);\n                     }   \n                <\/style>\n            \n    <\/div>\n    [\/vc_column][\/vc_row][vc_row][vc_column width=&#8221;1\/2&#8243;][vc_images_carousel images=&#8221;2372,2370,2371&#8243; img_size=&#8221;full&#8221; autoplay=&#8221;yes&#8221; css=&#8221;&#8221;]\n    <div class=\"unordered-list-wrap \">\n         \n        <h4>Z KATLAMA HAVLULAR<\/h4>\n                \n            <div class=\"twial-list short-list no-list-style unordered-list-502 list-icon-type-imageicon\">\n                <ul><li><i class=\"\"><\/i>19,5X20 cm \/ 19,5X23 cm \/ 21X22,5 cm<\/li><li><i class=\"\"><\/i>2 katl\u0131<\/li><li><i class=\"\"><\/i>32 gr.<\/li><li><i class=\"\"><\/i>Koli i\u00e7i 12 adet<\/li><li><i class=\"\"><\/i>200&#039;l\u00fc<\/li>\n                <\/ul>\n            <\/div>  \n            \n                <style>\n                     .unordered-list-502.list-icon-type-imageicon li:before {\n                         background-image: url(https:\/\/agpack.com.tr\/wp-content\/uploads\/2018\/07\/lict-icon.png);\n                     }   \n                <\/style>\n            \n    <\/div>\n    [\/vc_column][vc_column width=&#8221;1\/2&#8243;][vc_images_carousel images=&#8221;2373,2375,2378,2379&#8243; img_size=&#8221;full&#8221; autoplay=&#8221;yes&#8221; css=&#8221;&#8221;]\n    <div class=\"unordered-list-wrap \">\n         \n        <h4>M\u0130N\u0130 \u0130\u00c7TEN \u00c7EKMEL\u0130 TUVALET KA\u011eITLARI<\/h4>\n                \n            <div class=\"twial-list short-list no-list-style unordered-list-786 list-icon-type-imageicon\">\n                <ul><li><i class=\"\"><\/i>3 kg. \/ 3,5 kg. \/ 4 kg. \/ 5 kg. \/ 6 kg.<\/li><li><i class=\"\"><\/i>2 katl\u0131<\/li><li><i class=\"\"><\/i>34 gr.<\/li><li><i class=\"\"><\/i>Koli i\u00e7i 12 adet<\/li><li><i class=\"\"><\/i>Yaprak eni 11,5 cm, Yaprak boyu 22 cm<\/li>\n                <\/ul>\n            <\/div>  \n            \n                <style>\n                     .unordered-list-786.list-icon-type-imageicon li:before {\n                         background-image: url(https:\/\/agpack.com.tr\/wp-content\/uploads\/2018\/07\/lict-icon.png);\n                     }   \n                <\/style>\n            \n    <\/div>\n    [\/vc_column][\/vc_row][vc_row][vc_column width=&#8221;1\/2&#8243;][vc_images_carousel images=&#8221;2387,2380,2386,2383&#8243; img_size=&#8221;full&#8221; autoplay=&#8221;yes&#8221; css=&#8221;&#8221;]\n    <div class=\"unordered-list-wrap \">\n         \n        <h4>MAX\u0130 \u0130\u00c7TEN \u00c7EKMEL\u0130 TUVALET KA\u011eITLARI<\/h4>\n                \n            <div class=\"twial-list short-list no-list-style unordered-list-163 list-icon-type-imageicon\">\n                <ul><li><i class=\"\"><\/i>4 kg. \/ 4,5 kg. \/ 5 kg. \/ 6 kg.<\/li><li><i class=\"\"><\/i>2 katl\u0131<\/li><li><i class=\"\"><\/i>34 gr.<\/li><li><i class=\"\"><\/i>Koli i\u00e7i 6 adet<\/li><li><i class=\"\"><\/i>Yaprak eni 13,5 cm, Yaprak boyu 22 cm<\/li>\n                <\/ul>\n            <\/div>  \n            \n                <style>\n                     .unordered-list-163.list-icon-type-imageicon li:before {\n                         background-image: url(https:\/\/agpack.com.tr\/wp-content\/uploads\/2018\/07\/lict-icon.png);\n                     }   \n                <\/style>\n            \n    <\/div>\n    [\/vc_column][vc_column width=&#8221;1\/2&#8243;][vc_images_carousel images=&#8221;2394,2395,2396,2397&#8243; img_size=&#8221;full&#8221; autoplay=&#8221;yes&#8221; css=&#8221;&#8221;]\n    <div class=\"unordered-list-wrap \">\n         \n        <h4>M\u0130N\u0130 JUMBO TUVALET KA\u011eITLARI<\/h4>\n                \n            <div class=\"twial-list short-list no-list-style unordered-list-502 list-icon-type-imageicon\">\n                <ul><li><i class=\"\"><\/i>2,5 kg. \/ 3 kg. \/ 3,5 kg. \/ 4 kg. \/ 5 kg. \/ 6 kg.<\/li><li><i class=\"\"><\/i>2 katl\u0131<\/li><li><i class=\"\"><\/i>34 gr.<\/li><li><i class=\"\"><\/i>Koli i\u00e7i 12 adet<\/li><li><i class=\"\"><\/i>Yaprak eni 9,8 cm, Yaprak boyu 22 cm<\/li>\n                <\/ul>\n            <\/div>  \n            \n                <style>\n                     .unordered-list-502.list-icon-type-imageicon li:before {\n                         background-image: url(https:\/\/agpack.com.tr\/wp-content\/uploads\/2018\/07\/lict-icon.png);\n                     }   \n                <\/style>\n            \n    <\/div>\n    [\/vc_column][\/vc_row][vc_row][vc_column width=&#8221;1\/2&#8243;][vc_images_carousel images=&#8221;2399&#8243; img_size=&#8221;full&#8221; autoplay=&#8221;yes&#8221; css=&#8221;&#8221;]\n    <div class=\"unordered-list-wrap \">\n         \n        <h4>KARE PE\u00c7ETE<\/h4>\n                \n            <div class=\"twial-list short-list no-list-style unordered-list-380 list-icon-type-imageicon\">\n                <ul><li><i class=\"\"><\/i>Tek kat<\/li><li><i class=\"\"><\/i>16 gr.<\/li><li><i class=\"\"><\/i>Koli i\u00e7i 32 adet<\/li><li><i class=\"\"><\/i>24X24 cm<\/li><li><i class=\"\"><\/i>100&#039;l\u00fc<\/li>\n                <\/ul>\n            <\/div>  \n            \n                <style>\n                     .unordered-list-380.list-icon-type-imageicon li:before {\n                         background-image: url(https:\/\/agpack.com.tr\/wp-content\/uploads\/2018\/07\/lict-icon.png);\n                     }   \n                <\/style>\n            \n    <\/div>\n    [\/vc_column][vc_column width=&#8221;1\/2&#8243;][vc_images_carousel images=&#8221;2404,2405,2406,2407&#8243; img_size=&#8221;full&#8221; autoplay=&#8221;yes&#8221; css=&#8221;&#8221;]\n    <div class=\"unordered-list-wrap \">\n         \n        <h4>D\u0130SPENSER PE\u00c7ETE<\/h4>\n                \n            <div class=\"twial-list short-list no-list-style unordered-list-548 list-icon-type-imageicon\">\n                <ul><li><i class=\"\"><\/i>150&#039;li, 200&#039;l\u00fc, 250&#039;li<\/li><li><i class=\"\"><\/i>Tek katl\u0131<\/li><li><i class=\"\"><\/i>17 gr.<\/li><li><i class=\"\"><\/i>Koli i\u00e7i 18 adet<\/li><li><i class=\"\"><\/i>Yaprak eni 17 cm, Yaprak boyu 21 cm<\/li>\n                <\/ul>\n            <\/div>  \n            \n                <style>\n                     .unordered-list-548.list-icon-type-imageicon li:before {\n                         background-image: url(https:\/\/agpack.com.tr\/wp-content\/uploads\/2018\/07\/lict-icon.png);\n                     }   \n                <\/style>\n            \n    <\/div>\n    [\/vc_column][\/vc_row][vc_row][vc_column width=&#8221;1\/2&#8243;][vc_images_carousel images=&#8221;2408&#8243; img_size=&#8221;full&#8221; autoplay=&#8221;yes&#8221; css=&#8221;&#8221;]\n    <div class=\"unordered-list-wrap \">\n         \n        <h4>MUAYENE MASA \u00d6RT\u00dcS\u00dc<\/h4>\n                \n            <div class=\"twial-list short-list no-list-style unordered-list-568 list-icon-type-imageicon\">\n                <ul><li><i class=\"\"><\/i>12,5 m, 25 m, 50 m<\/li><li><i class=\"\"><\/i>2 katl\u0131<\/li><li><i class=\"\"><\/i>46 gr.<\/li><li><i class=\"\"><\/i>Koli i\u00e7i 2 adet<\/li><li><i class=\"\"><\/i>Yaprak eni 50,5 cm, Yaprak boyu 35 cm<\/li>\n                <\/ul>\n            <\/div>  \n            \n                <style>\n                     .unordered-list-568.list-icon-type-imageicon li:before {\n                         background-image: url(https:\/\/agpack.com.tr\/wp-content\/uploads\/2018\/07\/lict-icon.png);\n                     }   \n                <\/style>\n            \n    <\/div>\n    [\/vc_column][\/vc_row]<\/p>\n<\/div>","protected":false},"excerpt":{"rendered":"<p>[vc_row css=&#8221;.vc_custom_1529983139121{padding-top: 100px !important;padding-bottom: 15px !important;}&#8221;][vc_column][vc_single_image image=&#8221;2358&#8243; img_size=&#8221;full&#8221; alignment=&#8221;center&#8221; css=&#8221;&#8221;][\/vc_column][\/vc_row][vc_row][vc_column width=&#8221;1\/2&#8243; css=&#8221;.vc_custom_1742990134883{border-color: #033270 !important;}&#8221;][vc_images_carousel images=&#8221;2360,2361,2362,2363&#8243; img_size=&#8221;full&#8221; autoplay=&#8221;yes&#8221; css=&#8221;&#8221;][\/vc_column][vc_column width=&#8221;1\/2&#8243;][vc_images_carousel images=&#8221;2365,2364,2366,2367&#8243; img_size=&#8221;full&#8221; autoplay=&#8221;yes&#8221; css=&#8221;&#8221;][\/vc_column][\/vc_row][vc_row][vc_column width=&#8221;1\/2&#8243;][vc_images_carousel images=&#8221;2372,2370,2371&#8243; img_size=&#8221;full&#8221; autoplay=&#8221;yes&#8221; css=&#8221;&#8221;][\/vc_column][vc_column width=&#8221;1\/2&#8243;][vc_images_carousel images=&#8221;2373,2375,2378,2379&#8243; img_size=&#8221;full&#8221; autoplay=&#8221;yes&#8221; css=&#8221;&#8221;][\/vc_column][\/vc_row][vc_row][vc_column width=&#8221;1\/2&#8243;][vc_images_carousel images=&#8221;2387,2380,2386,2383&#8243; img_size=&#8221;full&#8221; autoplay=&#8221;yes&#8221; css=&#8221;&#8221;][\/vc_column][vc_column width=&#8221;1\/2&#8243;][vc_images_carousel images=&#8221;2394,2395,2396,2397&#8243; img_size=&#8221;full&#8221; autoplay=&#8221;yes&#8221; css=&#8221;&#8221;][\/vc_column][\/vc_row][vc_row][vc_column width=&#8221;1\/2&#8243;][vc_images_carousel images=&#8221;2399&#8243; img_size=&#8221;full&#8221; autoplay=&#8221;yes&#8221; css=&#8221;&#8221;][\/vc_column][vc_column width=&#8221;1\/2&#8243;][vc_images_carousel images=&#8221;2404,2405,2406,2407&#8243; img_size=&#8221;full&#8221; autoplay=&#8221;yes&#8221; css=&#8221;&#8221;][\/vc_column][\/vc_row][vc_row][vc_column width=&#8221;1\/2&#8243;][vc_images_carousel images=&#8221;2408&#8243; [&hellip;]<\/p>\n","protected":false},"author":1,"featured_media":0,"parent":143,"menu_order":0,"comment_status":"closed","ping_status":"closed","template":"","meta":{"footnotes":""},"class_list":["post-138","page","type-page","status-publish","hentry"],"_links":{"self":[{"href":"https:\/\/agpack.com.tr\/index.php?rest_route=\/wp\/v2\/pages\/138","targetHints":{"allow":["GET"]}}],"collection":[{"href":"https:\/\/agpack.com.tr\/index.php?rest_route=\/wp\/v2\/pages"}],"about":[{"href":"https:\/\/agpack.com.tr\/index.php?rest_route=\/wp\/v2\/types\/page"}],"author":[{"embeddable":true,"href":"https:\/\/agpack.com.tr\/index.php?rest_route=\/wp\/v2\/users\/1"}],"replies":[{"embeddable":true,"href":"https:\/\/agpack.com.tr\/index.php?rest_route=%2Fwp%2Fv2%2Fcomments&post=138"}],"version-history":[{"count":10,"href":"https:\/\/agpack.com.tr\/index.php?rest_route=\/wp\/v2\/pages\/138\/revisions"}],"predecessor-version":[{"id":2411,"href":"https:\/\/agpack.com.tr\/index.php?rest_route=\/wp\/v2\/pages\/138\/revisions\/2411"}],"up":[{"embeddable":true,"href":"https:\/\/agpack.com.tr\/index.php?rest_route=\/wp\/v2\/pages\/143"}],"wp:attachment":[{"href":"https:\/\/agpack.com.tr\/index.php?rest_route=%2Fwp%2Fv2%2Fmedia&parent=138"}],"curies":[{"name":"wp","href":"https:\/\/api.w.org\/{rel}","templated":true}]}}