{"id":143,"date":"2018-07-08T11:00:18","date_gmt":"2018-07-08T11:00:18","guid":{"rendered":"http:\/\/tf.themedraft.com\/wp\/xzopro\/?page_id=143"},"modified":"2025-03-27T14:45:56","modified_gmt":"2025-03-27T14:45:56","slug":"ag-pack-ka-t-grubu","status":"publish","type":"page","link":"https:\/\/agpack.com.tr\/?page_id=143","title":{"rendered":"KA\u011eIT GRUBU"},"content":{"rendered":"<div class=\"wpb-content-wrapper\"><p>[vc_row css=&#8221;.vc_custom_1529983139121{padding-top: 100px !important;padding-bottom: 15px !important;}&#8221;][vc_column][vc_single_image image=&#8221;2344&#8243; img_size=&#8221;full&#8221; alignment=&#8221;center&#8221; css=&#8221;&#8221;][\/vc_column][\/vc_row][vc_row][vc_column]\n        <div class=\"twt-wrap \">\n            <h1 style=\"color:#242424;font-size: 36px\">KA\u011eIT GRUBU<\/h1>\n            Hem evlerinizde hem de i\u015f yerlerinizde kullanabilece\u011finiz geni\u015f \u00fcr\u00fcn yelpazemizle, farkl\u0131 ihtiya\u00e7lar\u0131n\u0131za uygun \u00e7\u00f6z\u00fcmler sunuyoruz.<\/p>\n<p>Sa\u011flad\u0131\u011f\u0131m\u0131z \u00e7e\u015fitlilik ve kaliteli \u00fcr\u00fcnlerimizle evlerden i\u015fletmelere kadar her alanda temizlik ve hijyenin vazge\u00e7ilmez bir par\u00e7as\u0131 olmay\u0131 hedefliyoruz. Elinay, \u0130ray ve Linay ve Menek\u015fe markalar\u0131 alt\u0131nda sundu\u011fumuz tuvalet ka\u011f\u0131d\u0131, havlu ka\u011f\u0131d\u0131, pe\u00e7ete, dispenser pe\u00e7ete ve Z havlu gibi \u00fcr\u00fcnlerle, g\u00fcnl\u00fck ya\u015fam\u0131n \u00f6nemli bir ihtiyac\u0131n\u0131 kar\u015f\u0131lamay\u0131 ama\u00e7l\u0131yoruz.\n        <\/div>\n    [\/vc_column][\/vc_row][vc_row css=&#8221;.vc_custom_1529983503480{margin-top: 12px !important;padding-bottom: 70px !important;}&#8221;][vc_column width=&#8221;1\/3&#8243;]\n        <div id=\"service-box-740\" class=\"single-service-box service-box-style-3 \">\n            <div class=\"service-content-wrapper\">\n                <div class=\"service-box-icon imgicon\">\n            \t\t\t<img decoding=\"async\" src=\"https:\/\/agpack.com.tr\/wp-content\/uploads\/2025\/03\/LINAY.jpg\" alt=\"\">\n            \t\t\n                <\/div>\n                <div class=\"service-box-content\">\n                    <a href=\"https:\/\/agpack.com.tr\/?page_id=138\"><h4>L\u0130NAY<\/h4><\/a>\n                    \n                    <a class=\"service-read-more\" href=\"https:\/\/agpack.com.tr\/?page_id=138\">daha fazla<\/a>\n                <\/div>\n            <\/div>\n        <\/div>\n        \n        <style>\n            #service-box-740 .service-box-content,\n            #service-box-740.service-box-style-1 .service-box-icon,\n            #service-box-740 .service-box-content a h4{\n                color: #242424;\n            }\n            #service-box-740 .service-read-more,\n            #service-box-740 .service-read-more:before,\n            #service-box-740 .service-read-more:hover,\n            #service-box-740.single-service-box:hover a h4{\n                color: #0a6db7;\n            }\n            \n            #service-box-740.service-box-style-2:hover .service-box-icon{\n                background: #0a6db7;\n                border-color: #0a6db7;\n            }\n        <\/style>\n    \n        <div id=\"service-box-375\" class=\"single-service-box service-box-style-3 \">\n            <div class=\"service-content-wrapper\">\n                <div class=\"service-box-icon imgicon\">\n            \t\t\t<img decoding=\"async\" src=\"https:\/\/agpack.com.tr\/wp-content\/uploads\/2025\/03\/GONCAM-150x100.jpg\" alt=\"\">\n            \t\t\n                <\/div>\n                <div class=\"service-box-content\">\n                    <a href=\"https:\/\/agpack.com.tr\/?page_id=143\"><h4>GONCAM<\/h4><\/a>\n                    \n                    <a class=\"service-read-more\" href=\"https:\/\/agpack.com.tr\/?page_id=143\">daha fazla<\/a>\n                <\/div>\n            <\/div>\n        <\/div>\n        \n        <style>\n            #service-box-375 .service-box-content,\n            #service-box-375.service-box-style-1 .service-box-icon,\n            #service-box-375 .service-box-content a h4{\n                color: #242424;\n            }\n            #service-box-375 .service-read-more,\n            #service-box-375 .service-read-more:before,\n            #service-box-375 .service-read-more:hover,\n            #service-box-375.single-service-box:hover a h4{\n                color: #0a6db7;\n            }\n            \n            #service-box-375.service-box-style-2:hover .service-box-icon{\n                background: #0a6db7;\n                border-color: #0a6db7;\n            }\n        <\/style>\n    [\/vc_column][vc_column width=&#8221;1\/3&#8243;]\n        <div id=\"service-box-371\" class=\"single-service-box service-box-style-3 \">\n            <div class=\"service-content-wrapper\">\n                <div class=\"service-box-icon imgicon\">\n            \t\t\t<img decoding=\"async\" src=\"https:\/\/agpack.com.tr\/wp-content\/uploads\/2025\/03\/IRAY-150x129.jpg\" alt=\"\">\n            \t\t\n                <\/div>\n                <div class=\"service-box-content\">\n                    <a href=\"https:\/\/agpack.com.tr\/?page_id=147\"><h4>\u0130RAY<\/h4><\/a>\n                    \n                    <a class=\"service-read-more\" href=\"https:\/\/agpack.com.tr\/?page_id=147\">daha fazla<\/a>\n                <\/div>\n            <\/div>\n        <\/div>\n        \n        <style>\n            #service-box-371 .service-box-content,\n            #service-box-371.service-box-style-1 .service-box-icon,\n            #service-box-371 .service-box-content a h4{\n                color: #242424;\n            }\n            #service-box-371 .service-read-more,\n            #service-box-371 .service-read-more:before,\n            #service-box-371 .service-read-more:hover,\n            #service-box-371.single-service-box:hover a h4{\n                color: #0a6db7;\n            }\n            \n            #service-box-371.service-box-style-2:hover .service-box-icon{\n                background: #0a6db7;\n                border-color: #0a6db7;\n            }\n        <\/style>\n    \n        <div id=\"service-box-602\" class=\"single-service-box service-box-style-3 \">\n            <div class=\"service-content-wrapper\">\n                <div class=\"service-box-icon imgicon\">\n            \t\t\t<img decoding=\"async\" src=\"https:\/\/agpack.com.tr\/wp-content\/uploads\/2025\/03\/ELINAY-150x109.jpg\" alt=\"\">\n            \t\t\n                <\/div>\n                <div class=\"service-box-content\">\n                    <a href=\"https:\/\/agpack.com.tr\/?page_id=164\"><h4>EL\u0130NAY<\/h4><\/a>\n                    \n                    <a class=\"service-read-more\" href=\"https:\/\/agpack.com.tr\/?page_id=164\">daha fazla<\/a>\n                <\/div>\n            <\/div>\n        <\/div>\n        \n        <style>\n            #service-box-602 .service-box-content,\n            #service-box-602.service-box-style-1 .service-box-icon,\n            #service-box-602 .service-box-content a h4{\n                color: #242424;\n            }\n            #service-box-602 .service-read-more,\n            #service-box-602 .service-read-more:before,\n            #service-box-602 .service-read-more:hover,\n            #service-box-602.single-service-box:hover a h4{\n                color: #0a6db7;\n            }\n            \n            #service-box-602.service-box-style-2:hover .service-box-icon{\n                background: #0a6db7;\n                border-color: #0a6db7;\n            }\n        <\/style>\n    [\/vc_column][vc_column width=&#8221;1\/3&#8243;]\n        <div id=\"service-box-369\" class=\"single-service-box service-box-style-3 \">\n            <div class=\"service-content-wrapper\">\n                <div class=\"service-box-icon imgicon\">\n            \t\t\t<img decoding=\"async\" src=\"https:\/\/agpack.com.tr\/wp-content\/uploads\/2025\/03\/MENEKSEM-150x95.jpg\" alt=\"\">\n            \t\t\n                <\/div>\n                <div class=\"service-box-content\">\n                    <a href=\"https:\/\/agpack.com.tr\/?page_id=161\"><h4>MENEK\u015eEM<\/h4><\/a>\n                    \n                    <a class=\"service-read-more\" href=\"https:\/\/agpack.com.tr\/?page_id=161\">daha fazla<\/a>\n                <\/div>\n            <\/div>\n        <\/div>\n        \n        <style>\n            #service-box-369 .service-box-content,\n            #service-box-369.service-box-style-1 .service-box-icon,\n            #service-box-369 .service-box-content a h4{\n                color: #242424;\n            }\n            #service-box-369 .service-read-more,\n            #service-box-369 .service-read-more:before,\n            #service-box-369 .service-read-more:hover,\n            #service-box-369.single-service-box:hover a h4{\n                color: #0a6db7;\n            }\n            \n            #service-box-369.service-box-style-2:hover .service-box-icon{\n                background: #0a6db7;\n                border-color: #0a6db7;\n            }\n        <\/style>\n    [\/vc_column][\/vc_row]<\/p>\n<\/div>","protected":false},"excerpt":{"rendered":"<p>[vc_row css=&#8221;.vc_custom_1529983139121{padding-top: 100px !important;padding-bottom: 15px !important;}&#8221;][vc_column][vc_single_image image=&#8221;2344&#8243; img_size=&#8221;full&#8221; alignment=&#8221;center&#8221; css=&#8221;&#8221;][\/vc_column][\/vc_row][vc_row][vc_column][\/vc_column][\/vc_row][vc_row css=&#8221;.vc_custom_1529983503480{margin-top: 12px !important;padding-bottom: 70px !important;}&#8221;][vc_column width=&#8221;1\/3&#8243;][\/vc_column][vc_column width=&#8221;1\/3&#8243;][\/vc_column][vc_column width=&#8221;1\/3&#8243;][\/vc_column][\/vc_row]<\/p>\n","protected":false},"author":1,"featured_media":2328,"parent":2229,"menu_order":0,"comment_status":"closed","ping_status":"closed","template":"","meta":{"footnotes":""},"class_list":["post-143","page","type-page","status-publish","has-post-thumbnail","hentry"],"_links":{"self":[{"href":"https:\/\/agpack.com.tr\/index.php?rest_route=\/wp\/v2\/pages\/143","targetHints":{"allow":["GET"]}}],"collection":[{"href":"https:\/\/agpack.com.tr\/index.php?rest_route=\/wp\/v2\/pages"}],"about":[{"href":"https:\/\/agpack.com.tr\/index.php?rest_route=\/wp\/v2\/types\/page"}],"author":[{"embeddable":true,"href":"https:\/\/agpack.com.tr\/index.php?rest_route=\/wp\/v2\/users\/1"}],"replies":[{"embeddable":true,"href":"https:\/\/agpack.com.tr\/index.php?rest_route=%2Fwp%2Fv2%2Fcomments&post=143"}],"version-history":[{"count":10,"href":"https:\/\/agpack.com.tr\/index.php?rest_route=\/wp\/v2\/pages\/143\/revisions"}],"predecessor-version":[{"id":2507,"href":"https:\/\/agpack.com.tr\/index.php?rest_route=\/wp\/v2\/pages\/143\/revisions\/2507"}],"up":[{"embeddable":true,"href":"https:\/\/agpack.com.tr\/index.php?rest_route=\/wp\/v2\/pages\/2229"}],"wp:featuredmedia":[{"embeddable":true,"href":"https:\/\/agpack.com.tr\/index.php?rest_route=\/wp\/v2\/media\/2328"}],"wp:attachment":[{"href":"https:\/\/agpack.com.tr\/index.php?rest_route=%2Fwp%2Fv2%2Fmedia&parent=143"}],"curies":[{"name":"wp","href":"https:\/\/api.w.org\/{rel}","templated":true}]}}