{"id":145,"date":"2018-07-08T11:00:27","date_gmt":"2018-07-08T11:00:27","guid":{"rendered":"http:\/\/tf.themedraft.com\/wp\/xzopro\/?page_id=145"},"modified":"2025-09-18T11:55:34","modified_gmt":"2025-09-18T11:55:34","slug":"ya-at-plasti-k","status":"publish","type":"page","link":"https:\/\/agpack.com.tr\/?page_id=145","title":{"rendered":"YA\u015eAT PLAST\u0130K"},"content":{"rendered":"<div class=\"wpb-content-wrapper\"><p>[vc_row][vc_column][vc_single_image image=&#8221;2587&#8243; img_size=&#8221;large&#8221; alignment=&#8221;center&#8221; css=&#8221;&#8221;][\/vc_column][\/vc_row][vc_row][vc_column width=&#8221;1\/3&#8243;][vc_images_carousel images=&#8221;2496&#8243; img_size=&#8221;medium&#8221; autoplay=&#8221;yes&#8221; css=&#8221;&#8221;]\n    <div class=\"unordered-list-wrap \">\n         \n        <h4>JUMBO 300<\/h4>\n                \n            <div class=\"twial-list short-list no-list-style unordered-list-734 list-icon-type-imageicon\">\n                <ul><li><i class=\"\"><\/i>Rulo a\u011f\u0131rl\u0131\u011f\u0131 300 gr.<\/li><li><i class=\"\"><\/i>\u00c7ift kat mikron 37 \u03bc<\/li><li><i class=\"\"><\/i>Rulo eni 80 cm, Rulo boyu 110 cm<\/li><li><i class=\"\"><\/i>Koli i\u00e7i 10X20 adet<\/li>\n                <\/ul>\n            <\/div>  \n            \n                <style>\n                     .unordered-list-734.list-icon-type-imageicon li:before {\n                         background-image: url(https:\/\/agpack.com.tr\/wp-content\/uploads\/2018\/07\/lict-icon.png);\n                     }   \n                <\/style>\n            \n    <\/div>\n    [\/vc_column][vc_column width=&#8221;1\/3&#8243;][vc_images_carousel images=&#8221;2497&#8243; img_size=&#8221;medium&#8221; autoplay=&#8221;yes&#8221; css=&#8221;&#8221;]\n    <div class=\"unordered-list-wrap \">\n         \n        <h4>JUMBO 350<\/h4>\n                \n            <div class=\"twial-list short-list no-list-style unordered-list-311 list-icon-type-imageicon\">\n                <ul><li><i class=\"\"><\/i>Rulo a\u011f\u0131rl\u0131\u011f\u0131 350 gr.<\/li><li><i class=\"\"><\/i>\u00c7ift kat mikron 43 \u03bc<\/li><li><i class=\"\"><\/i>Rulo eni 80 cm, Rulo boyu 110 cm<\/li><li><i class=\"\"><\/i>Koli i\u00e7i 10X20 adet<\/li>\n                <\/ul>\n            <\/div>  \n            \n                <style>\n                     .unordered-list-311.list-icon-type-imageicon li:before {\n                         background-image: url(https:\/\/agpack.com.tr\/wp-content\/uploads\/2018\/07\/lict-icon.png);\n                     }   \n                <\/style>\n            \n    <\/div>\n    [\/vc_column][vc_column width=&#8221;1\/3&#8243;][vc_images_carousel images=&#8221;2498&#8243; img_size=&#8221;medium&#8221; autoplay=&#8221;yes&#8221; css=&#8221;&#8221;]\n    <div class=\"unordered-list-wrap \">\n         \n        <h4>JUMBO 400<\/h4>\n                \n            <div class=\"twial-list short-list no-list-style unordered-list-791 list-icon-type-imageicon\">\n                <ul><li><i class=\"\"><\/i>Rulo a\u011f\u0131rl\u0131\u011f\u0131 400 gr.<\/li><li><i class=\"\"><\/i>\u00c7ift kat mikron 50 \u03bc<\/li><li><i class=\"\"><\/i>Rulo eni 80 cm, Rulo boyu 110 cm<\/li><li><i class=\"\"><\/i>Koli i\u00e7i 10X20 adet<\/li>\n                <\/ul>\n            <\/div>  \n            \n                <style>\n                     .unordered-list-791.list-icon-type-imageicon li:before {\n                         background-image: url(https:\/\/agpack.com.tr\/wp-content\/uploads\/2018\/07\/lict-icon.png);\n                     }   \n                <\/style>\n            \n    <\/div>\n    [\/vc_column][\/vc_row][vc_row][vc_column width=&#8221;1\/3&#8243;][vc_images_carousel images=&#8221;2499&#8243; img_size=&#8221;medium&#8221; autoplay=&#8221;yes&#8221; css=&#8221;&#8221;]\n    <div class=\"unordered-list-wrap \">\n         \n        <h4>JUMBO 500<\/h4>\n                \n            <div class=\"twial-list short-list no-list-style unordered-list-434 list-icon-type-imageicon\">\n                <ul><li><i class=\"\"><\/i>Rulo a\u011f\u0131rl\u0131\u011f\u0131 500 gr.<\/li><li><i class=\"\"><\/i>\u00c7ift kat mikron 62 \u03bc<\/li><li><i class=\"\"><\/i>Rulo eni 80 cm, Rulo boyu 110 cm<\/li><li><i class=\"\"><\/i>Koli i\u00e7i 10X20 adet<\/li>\n                <\/ul>\n            <\/div>  \n            \n                <style>\n                     .unordered-list-434.list-icon-type-imageicon li:before {\n                         background-image: url(https:\/\/agpack.com.tr\/wp-content\/uploads\/2018\/07\/lict-icon.png);\n                     }   \n                <\/style>\n            \n    <\/div>\n    [\/vc_column][vc_column width=&#8221;1\/3&#8243;][vc_images_carousel images=&#8221;2501&#8243; img_size=&#8221;medium&#8221; autoplay=&#8221;yes&#8221; css=&#8221;&#8221;]\n    <div class=\"unordered-list-wrap \">\n         \n        <h4>JUMBO 600<\/h4>\n                \n            <div class=\"twial-list short-list no-list-style unordered-list-502 list-icon-type-imageicon\">\n                <ul><li><i class=\"\"><\/i>Rulo a\u011f\u0131rl\u0131\u011f\u0131 600 gr.<\/li><li><i class=\"\"><\/i>\u00c7ift kat mikron 74 \u03bc<\/li><li><i class=\"\"><\/i>Rulo eni 80 cm, Rulo boyu 110 cm<\/li><li><i class=\"\"><\/i>Koli i\u00e7i 10X10 adet<\/li>\n                <\/ul>\n            <\/div>  \n            \n                <style>\n                     .unordered-list-502.list-icon-type-imageicon li:before {\n                         background-image: url(https:\/\/agpack.com.tr\/wp-content\/uploads\/2018\/07\/lict-icon.png);\n                     }   \n                <\/style>\n            \n    <\/div>\n    [\/vc_column][vc_column width=&#8221;1\/3&#8243;][vc_images_carousel images=&#8221;2502&#8243; img_size=&#8221;medium&#8221; autoplay=&#8221;yes&#8221; css=&#8221;&#8221;]\n    <div class=\"unordered-list-wrap \">\n         \n        <h4>JUMBO 700<\/h4>\n                \n            <div class=\"twial-list short-list no-list-style unordered-list-155 list-icon-type-imageicon\">\n                <ul><li><i class=\"\"><\/i>Rulo a\u011f\u0131rl\u0131\u011f\u0131 700 gr.<\/li><li><i class=\"\"><\/i>\u00c7ift kat mikron 86 \u03bc<\/li><li><i class=\"\"><\/i>Rulo eni 80 cm, Rulo boyu 110 cm<\/li><li><i class=\"\"><\/i>Koli i\u00e7i 10X10 adet<\/li>\n                <\/ul>\n            <\/div>  \n            \n                <style>\n                     .unordered-list-155.list-icon-type-imageicon li:before {\n                         background-image: url(https:\/\/agpack.com.tr\/wp-content\/uploads\/2018\/07\/lict-icon.png);\n                     }   \n                <\/style>\n            \n    <\/div>\n    [\/vc_column][\/vc_row][vc_row][vc_column width=&#8221;1\/3&#8243;][vc_images_carousel images=&#8221;2500&#8243; img_size=&#8221;medium&#8221; autoplay=&#8221;yes&#8221; css=&#8221;&#8221;]\n    <div class=\"unordered-list-wrap \">\n         \n        <h4>JUMBO 800<\/h4>\n                \n            <div class=\"twial-list short-list no-list-style unordered-list-297 list-icon-type-imageicon\">\n                <ul><li><i class=\"\"><\/i>Rulo a\u011f\u0131rl\u0131\u011f\u0131 800 gr.<\/li><li><i class=\"\"><\/i>\u00c7ift kat mikron 100 \u03bc<\/li><li><i class=\"\"><\/i>Rulo eni 80 cm, Rulo boyu 110 cm<\/li><li><i class=\"\"><\/i>Koli i\u00e7i 10X10 adet<\/li>\n                <\/ul>\n            <\/div>  \n            \n                <style>\n                     .unordered-list-297.list-icon-type-imageicon li:before {\n                         background-image: url(https:\/\/agpack.com.tr\/wp-content\/uploads\/2018\/07\/lict-icon.png);\n                     }   \n                <\/style>\n            \n    <\/div>\n    [\/vc_column][vc_column width=&#8221;1\/3&#8243;][vc_images_carousel images=&#8221;2503&#8243; img_size=&#8221;medium&#8221; autoplay=&#8221;yes&#8221; css=&#8221;&#8221;]\n    <div class=\"unordered-list-wrap \">\n         \n        <h4>JUMBO 800<\/h4>\n                \n            <div class=\"twial-list short-list no-list-style unordered-list-828 list-icon-type-imageicon\">\n                <ul><li><i class=\"\"><\/i>Rulo a\u011f\u0131rl\u0131\u011f\u0131 800 gr.<\/li><li><i class=\"\"><\/i>\u00c7ift kat mikron 74 \u03bc<\/li><li><i class=\"\"><\/i>Rulo eni 90 cm, Rulo boyu 125 cm<\/li><li><i class=\"\"><\/i>Koli i\u00e7i 10X10 adet<\/li>\n                <\/ul>\n            <\/div>  \n            \n                <style>\n                     .unordered-list-828.list-icon-type-imageicon li:before {\n                         background-image: url(https:\/\/agpack.com.tr\/wp-content\/uploads\/2018\/07\/lict-icon.png);\n                     }   \n                <\/style>\n            \n    <\/div>\n    [\/vc_column][vc_column width=&#8221;1\/3&#8243;][vc_images_carousel images=&#8221;2503&#8243; img_size=&#8221;medium&#8221; autoplay=&#8221;yes&#8221; css=&#8221;&#8221;]\n    <div class=\"unordered-list-wrap \">\n         \n        <h4>JUMBO 800<\/h4>\n                \n            <div class=\"twial-list short-list no-list-style unordered-list-480 list-icon-type-imageicon\">\n                <ul><li><i class=\"\"><\/i>Rulo a\u011f\u0131rl\u0131\u011f\u0131 800 gr.<\/li><li><i class=\"\"><\/i>\u00c7ift kat mikron 58 \u03bc<\/li><li><i class=\"\"><\/i>Rulo eni 100 cm, Rulo boyu 150 cm<\/li><li><i class=\"\"><\/i>Koli i\u00e7i 10X10 adet<\/li>\n                <\/ul>\n            <\/div>  \n            \n                <style>\n                     .unordered-list-480.list-icon-type-imageicon li:before {\n                         background-image: url(https:\/\/agpack.com.tr\/wp-content\/uploads\/2018\/07\/lict-icon.png);\n                     }   \n                <\/style>\n            \n    <\/div>\n    [\/vc_column][\/vc_row][vc_row][vc_column width=&#8221;1\/3&#8243;][vc_images_carousel images=&#8221;2503&#8243; img_size=&#8221;medium&#8221; autoplay=&#8221;yes&#8221; css=&#8221;&#8221;]\n    <div class=\"unordered-list-wrap \">\n         \n        <h4>JUMBO 800<\/h4>\n                \n            <div class=\"twial-list short-list no-list-style unordered-list-744 list-icon-type-imageicon\">\n                <ul><li><i class=\"\"><\/i>Rulo a\u011f\u0131rl\u0131\u011f\u0131 800 gr.<\/li><li><i class=\"\"><\/i>\u00c7ift kat mikron 48 \u03bc<\/li><li><i class=\"\"><\/i>Rulo eni 120 cm, Rulo boyu 150 cm<\/li><li><i class=\"\"><\/i>Koli i\u00e7i 10X10 adet<\/li>\n                <\/ul>\n            <\/div>  \n            \n                <style>\n                     .unordered-list-744.list-icon-type-imageicon li:before {\n                         background-image: url(https:\/\/agpack.com.tr\/wp-content\/uploads\/2018\/07\/lict-icon.png);\n                     }   \n                <\/style>\n            \n    <\/div>\n    [\/vc_column][\/vc_row][vc_row][vc_column width=&#8221;1\/3&#8243;][vc_images_carousel images=&#8221;2487&#8243; css=&#8221;&#8221;]\n    <div class=\"unordered-list-wrap \">\n         \n        <h4>TIBB\u0130 ATIK<\/h4>\n                \n            <div class=\"twial-list short-list no-list-style unordered-list-997 list-icon-type-imageicon\">\n                <ul><li><i class=\"\"><\/i>Rulo a\u011f\u0131rl\u0131\u011f\u0131 800 gr.<\/li><li><i class=\"\"><\/i>\u00c7ift kat mikron 100 \u03bc<\/li><li><i class=\"\"><\/i>Rulo eni 80 cm, Rulo boyu 110 cm<\/li><li><i class=\"\"><\/i>Koli i\u00e7i 10X10 adet<\/li>\n                <\/ul>\n            <\/div>  \n            \n                <style>\n                     .unordered-list-997.list-icon-type-imageicon li:before {\n                         background-image: url(https:\/\/agpack.com.tr\/wp-content\/uploads\/2018\/07\/lict-icon.png);\n                     }   \n                <\/style>\n            \n    <\/div>\n    [\/vc_column][vc_column width=&#8221;1\/3&#8243;][vc_images_carousel images=&#8221;2488&#8243; css=&#8221;&#8221;]\n    <div class=\"unordered-list-wrap \">\n         \n        <h4>CAM ATIK<\/h4>\n                \n            <div class=\"twial-list short-list no-list-style unordered-list-876 list-icon-type-imageicon\">\n                <ul><li><i class=\"\"><\/i>Rulo a\u011f\u0131rl\u0131\u011f\u0131 800 gr.<\/li><li><i class=\"\"><\/i>\u00c7ift kat mikron 100 \u03bc<\/li><li><i class=\"\"><\/i>Rulo eni 80 cm, Rulo boyu 110 cm<\/li><li><i class=\"\"><\/i>Koli i\u00e7i 10X10 adet<\/li>\n                <\/ul>\n            <\/div>  \n            \n                <style>\n                     .unordered-list-876.list-icon-type-imageicon li:before {\n                         background-image: url(https:\/\/agpack.com.tr\/wp-content\/uploads\/2018\/07\/lict-icon.png);\n                     }   \n                <\/style>\n            \n    <\/div>\n    [\/vc_column][vc_column width=&#8221;1\/3&#8243;][vc_images_carousel images=&#8221;2489&#8243; css=&#8221;&#8221;]\n    <div class=\"unordered-list-wrap \">\n         \n        <h4>EVSEL ATIK<\/h4>\n                \n            <div class=\"twial-list short-list no-list-style unordered-list-837 list-icon-type-imageicon\">\n                <ul><li><i class=\"\"><\/i>Rulo a\u011f\u0131rl\u0131\u011f\u0131 800 gr.<\/li><li><i class=\"\"><\/i>\u00c7ift kat mikron 100 \u03bc<\/li><li><i class=\"\"><\/i>Rulo eni 80 cm, Rulo boyu 110 cm<\/li><li><i class=\"\"><\/i>Koli i\u00e7i 10X10 adet<\/li>\n                <\/ul>\n            <\/div>  \n            \n                <style>\n                     .unordered-list-837.list-icon-type-imageicon li:before {\n                         background-image: url(https:\/\/agpack.com.tr\/wp-content\/uploads\/2018\/07\/lict-icon.png);\n                     }   \n                <\/style>\n            \n    <\/div>\n    [\/vc_column][\/vc_row]<\/p>\n<\/div>","protected":false},"excerpt":{"rendered":"<p>[vc_row][vc_column][vc_single_image image=&#8221;2587&#8243; img_size=&#8221;large&#8221; alignment=&#8221;center&#8221; css=&#8221;&#8221;][\/vc_column][\/vc_row][vc_row][vc_column width=&#8221;1\/3&#8243;][vc_images_carousel images=&#8221;2496&#8243; img_size=&#8221;medium&#8221; autoplay=&#8221;yes&#8221; css=&#8221;&#8221;][\/vc_column][vc_column width=&#8221;1\/3&#8243;][vc_images_carousel images=&#8221;2497&#8243; img_size=&#8221;medium&#8221; autoplay=&#8221;yes&#8221; css=&#8221;&#8221;][\/vc_column][vc_column width=&#8221;1\/3&#8243;][vc_images_carousel images=&#8221;2498&#8243; img_size=&#8221;medium&#8221; autoplay=&#8221;yes&#8221; css=&#8221;&#8221;][\/vc_column][\/vc_row][vc_row][vc_column width=&#8221;1\/3&#8243;][vc_images_carousel images=&#8221;2499&#8243; img_size=&#8221;medium&#8221; autoplay=&#8221;yes&#8221; css=&#8221;&#8221;][\/vc_column][vc_column width=&#8221;1\/3&#8243;][vc_images_carousel images=&#8221;2501&#8243; img_size=&#8221;medium&#8221; autoplay=&#8221;yes&#8221; css=&#8221;&#8221;][\/vc_column][vc_column width=&#8221;1\/3&#8243;][vc_images_carousel images=&#8221;2502&#8243; img_size=&#8221;medium&#8221; autoplay=&#8221;yes&#8221; css=&#8221;&#8221;][\/vc_column][\/vc_row][vc_row][vc_column width=&#8221;1\/3&#8243;][vc_images_carousel images=&#8221;2500&#8243; img_size=&#8221;medium&#8221; autoplay=&#8221;yes&#8221; css=&#8221;&#8221;][\/vc_column][vc_column width=&#8221;1\/3&#8243;][vc_images_carousel images=&#8221;2503&#8243; img_size=&#8221;medium&#8221; autoplay=&#8221;yes&#8221; css=&#8221;&#8221;][\/vc_column][vc_column width=&#8221;1\/3&#8243;][vc_images_carousel images=&#8221;2503&#8243; img_size=&#8221;medium&#8221; autoplay=&#8221;yes&#8221; css=&#8221;&#8221;][\/vc_column][\/vc_row][vc_row][vc_column width=&#8221;1\/3&#8243;][vc_images_carousel images=&#8221;2503&#8243; img_size=&#8221;medium&#8221; autoplay=&#8221;yes&#8221; css=&#8221;&#8221;][\/vc_column][\/vc_row][vc_row][vc_column [&hellip;]<\/p>\n","protected":false},"author":1,"featured_media":0,"parent":182,"menu_order":0,"comment_status":"closed","ping_status":"closed","template":"","meta":{"footnotes":""},"class_list":["post-145","page","type-page","status-publish","hentry"],"_links":{"self":[{"href":"https:\/\/agpack.com.tr\/index.php?rest_route=\/wp\/v2\/pages\/145","targetHints":{"allow":["GET"]}}],"collection":[{"href":"https:\/\/agpack.com.tr\/index.php?rest_route=\/wp\/v2\/pages"}],"about":[{"href":"https:\/\/agpack.com.tr\/index.php?rest_route=\/wp\/v2\/types\/page"}],"author":[{"embeddable":true,"href":"https:\/\/agpack.com.tr\/index.php?rest_route=\/wp\/v2\/users\/1"}],"replies":[{"embeddable":true,"href":"https:\/\/agpack.com.tr\/index.php?rest_route=%2Fwp%2Fv2%2Fcomments&post=145"}],"version-history":[{"count":12,"href":"https:\/\/agpack.com.tr\/index.php?rest_route=\/wp\/v2\/pages\/145\/revisions"}],"predecessor-version":[{"id":2604,"href":"https:\/\/agpack.com.tr\/index.php?rest_route=\/wp\/v2\/pages\/145\/revisions\/2604"}],"up":[{"embeddable":true,"href":"https:\/\/agpack.com.tr\/index.php?rest_route=\/wp\/v2\/pages\/182"}],"wp:attachment":[{"href":"https:\/\/agpack.com.tr\/index.php?rest_route=%2Fwp%2Fv2%2Fmedia&parent=145"}],"curies":[{"name":"wp","href":"https:\/\/api.w.org\/{rel}","templated":true}]}}