{"id":147,"date":"2018-07-08T11:00:44","date_gmt":"2018-07-08T11:00:44","guid":{"rendered":"http:\/\/tf.themedraft.com\/wp\/xzopro\/?page_id=147"},"modified":"2025-03-27T10:38:01","modified_gmt":"2025-03-27T10:38:01","slug":"i-ray","status":"publish","type":"page","link":"https:\/\/agpack.com.tr\/?page_id=147","title":{"rendered":"\u0130RAY"},"content":{"rendered":"<div class=\"wpb-content-wrapper\"><p>[vc_row css=&#8221;.vc_custom_1529983139121{padding-top: 100px !important;padding-bottom: 15px !important;}&#8221;][vc_column][vc_single_image image=&#8221;2414&#8243; img_size=&#8221;full&#8221; alignment=&#8221;center&#8221; css=&#8221;&#8221;][\/vc_column][\/vc_row][vc_row][vc_column width=&#8221;1\/2&#8243;][vc_images_carousel images=&#8221;2416,2419,2417,2420&#8243; img_size=&#8221;full&#8221; autoplay=&#8221;yes&#8221; css=&#8221;&#8221;]\n    <div class=\"unordered-list-wrap \">\n         \n        <h4>HAREKETL\u0130 HAVLULAR<\/h4>\n                \n            <div class=\"twial-list short-list no-list-style unordered-list-645 list-icon-type-imageicon\">\n                <ul><li><i class=\"\"><\/i>2,5 kg. \/ 3 kg. \/ 3,5 kg. \/ 4 kg. \/ 5 kg. \/ 6 kg.<\/li><li><i class=\"\"><\/i>2 katl\u0131<\/li><li><i class=\"\"><\/i>46 gr.<\/li><li><i class=\"\"><\/i>Koli i\u00e7i 6 adet<\/li><li><i class=\"\"><\/i>Yaprak eni 21 cm<\/li>\n                <\/ul>\n            <\/div>  \n            \n                <style>\n                     .unordered-list-645.list-icon-type-imageicon li:before {\n                         background-image: url(https:\/\/agpack.com.tr\/wp-content\/uploads\/2018\/07\/lict-icon.png);\n                     }   \n                <\/style>\n            \n    <\/div>\n    [\/vc_column][vc_column width=&#8221;1\/2&#8243;][vc_images_carousel images=&#8221;2424,2425,2426,2422&#8243; img_size=&#8221;full&#8221; css=&#8221;&#8221;]\n    <div class=\"unordered-list-wrap \">\n         \n        <h4>\u0130\u00c7TEN \u00c7EKMEL\u0130 HAVLULAR<\/h4>\n                \n            <div class=\"twial-list short-list no-list-style unordered-list-389 list-icon-type-imageicon\">\n                <ul><li><i class=\"\"><\/i>2,5 kg. \/ 3 kg. \/ 3,5 kg. \/ 4 kg. \/ 5 kg. \/ 6 kg.<\/li><li><i class=\"\"><\/i>2 katl\u0131<\/li><li><i class=\"\"><\/i>46 gr.<\/li><li><i class=\"\"><\/i>Koli i\u00e7i 6 adet<\/li><li><i class=\"\"><\/i>Yaprak eni 21 cm, Yaprak boyu 11,5 cm<\/li>\n                <\/ul>\n            <\/div>  \n            \n                <style>\n                     .unordered-list-389.list-icon-type-imageicon li:before {\n                         background-image: url(https:\/\/agpack.com.tr\/wp-content\/uploads\/2018\/07\/lict-icon.png);\n                     }   \n                <\/style>\n            \n    <\/div>\n    [\/vc_column][\/vc_row][vc_row][vc_column width=&#8221;1\/2&#8243;][vc_images_carousel images=&#8221;2428&#8243; img_size=&#8221;full&#8221; autoplay=&#8221;yes&#8221; css=&#8221;&#8221;]\n    <div class=\"unordered-list-wrap \">\n         \n        <h4>Z KATLAMA HAVLU<\/h4>\n                \n            <div class=\"twial-list short-list no-list-style unordered-list-276 list-icon-type-imageicon\">\n                <ul><li><i class=\"\"><\/i>200&#039;l\u00fc<\/li><li><i class=\"\"><\/i>2 katl\u0131<\/li><li><i class=\"\"><\/i>32 gr.<\/li><li><i class=\"\"><\/i>Koli i\u00e7i 12 adet<\/li><li><i class=\"\"><\/i>Yaprak eni 19,5 cm Yaprak boyu 20 cm<\/li>\n                <\/ul>\n            <\/div>  \n            \n                <style>\n                     .unordered-list-276.list-icon-type-imageicon li:before {\n                         background-image: url(https:\/\/agpack.com.tr\/wp-content\/uploads\/2018\/07\/lict-icon.png);\n                     }   \n                <\/style>\n            \n    <\/div>\n    [\/vc_column][vc_column width=&#8221;1\/2&#8243;][vc_images_carousel images=&#8221;2434,2435,2436&#8243; img_size=&#8221;full&#8221; css=&#8221;&#8221;]\n    <div class=\"unordered-list-wrap \">\n         \n        <h4>M\u0130N\u0130 \u0130\u00c7TEN \u00c7EKMEL\u0130 TUVALET KA\u011eITLARI<\/h4>\n                \n            <div class=\"twial-list short-list no-list-style unordered-list-386 list-icon-type-imageicon\">\n                <ul><li><i class=\"\"><\/i>4 kg. \/ 5 kg. \/ 6 kg.<\/li><li><i class=\"\"><\/i>2 katl\u0131<\/li><li><i class=\"\"><\/i>34 gr.<\/li><li><i class=\"\"><\/i>Koli i\u00e7i 6 adet<\/li><li><i class=\"\"><\/i>Yaprak eni 13,5 cm, Yaprak boyu 22 cm<\/li>\n                <\/ul>\n            <\/div>  \n            \n                <style>\n                     .unordered-list-386.list-icon-type-imageicon li:before {\n                         background-image: url(https:\/\/agpack.com.tr\/wp-content\/uploads\/2018\/07\/lict-icon.png);\n                     }   \n                <\/style>\n            \n    <\/div>\n    [\/vc_column][\/vc_row][vc_row][vc_column width=&#8221;1\/2&#8243;][vc_images_carousel images=&#8221;2437,2438,2439&#8243; img_size=&#8221;full&#8221; autoplay=&#8221;yes&#8221; css=&#8221;&#8221;]\n    <div class=\"unordered-list-wrap \">\n         \n        <h4>MAX\u0130 \u0130\u00c7TEN \u00c7EKMEL\u0130 TUVALET KA\u011eITLARI<\/h4>\n                \n            <div class=\"twial-list short-list no-list-style unordered-list-808 list-icon-type-imageicon\">\n                <ul><li><i class=\"\"><\/i>4 kg. \/ 5 kg. \/ 6 kg.<\/li><li><i class=\"\"><\/i>2 katl\u0131<\/li><li><i class=\"\"><\/i>34 gr.<\/li><li><i class=\"\"><\/i>Koli i\u00e7i 6 adet<\/li><li><i class=\"\"><\/i>Yaprak eni 13,5 cm Yaprak boyu 22 cm<\/li>\n                <\/ul>\n            <\/div>  \n            \n                <style>\n                     .unordered-list-808.list-icon-type-imageicon li:before {\n                         background-image: url(https:\/\/agpack.com.tr\/wp-content\/uploads\/2018\/07\/lict-icon.png);\n                     }   \n                <\/style>\n            \n    <\/div>\n    [\/vc_column][vc_column width=&#8221;1\/2&#8243;][vc_images_carousel images=&#8221;2440,2441,2442,2443&#8243; img_size=&#8221;full&#8221; css=&#8221;&#8221;]\n    <div class=\"unordered-list-wrap \">\n         \n        <h4>M\u0130N\u0130 JUMBO TUVALET KA\u011eITLARI<\/h4>\n                \n            <div class=\"twial-list short-list no-list-style unordered-list-958 list-icon-type-imageicon\">\n                <ul><li><i class=\"\"><\/i>3 kg. \/ 4 kg. \/ 5 kg. \/ 6 kg.<\/li><li><i class=\"\"><\/i>2 katl\u0131<\/li><li><i class=\"\"><\/i>34 gr.<\/li><li><i class=\"\"><\/i>Koli i\u00e7i 12 adet<\/li><li><i class=\"\"><\/i>Yaprak eni 9,8 cm, Yaprak boyu 22 cm<\/li>\n                <\/ul>\n            <\/div>  \n            \n                <style>\n                     .unordered-list-958.list-icon-type-imageicon li:before {\n                         background-image: url(https:\/\/agpack.com.tr\/wp-content\/uploads\/2018\/07\/lict-icon.png);\n                     }   \n                <\/style>\n            \n    <\/div>\n    [\/vc_column][\/vc_row]<\/p>\n<\/div>","protected":false},"excerpt":{"rendered":"<p>[vc_row css=&#8221;.vc_custom_1529983139121{padding-top: 100px !important;padding-bottom: 15px !important;}&#8221;][vc_column][vc_single_image image=&#8221;2414&#8243; img_size=&#8221;full&#8221; alignment=&#8221;center&#8221; css=&#8221;&#8221;][\/vc_column][\/vc_row][vc_row][vc_column width=&#8221;1\/2&#8243;][vc_images_carousel images=&#8221;2416,2419,2417,2420&#8243; img_size=&#8221;full&#8221; autoplay=&#8221;yes&#8221; css=&#8221;&#8221;][\/vc_column][vc_column width=&#8221;1\/2&#8243;][vc_images_carousel images=&#8221;2424,2425,2426,2422&#8243; img_size=&#8221;full&#8221; css=&#8221;&#8221;][\/vc_column][\/vc_row][vc_row][vc_column width=&#8221;1\/2&#8243;][vc_images_carousel images=&#8221;2428&#8243; img_size=&#8221;full&#8221; autoplay=&#8221;yes&#8221; css=&#8221;&#8221;][\/vc_column][vc_column width=&#8221;1\/2&#8243;][vc_images_carousel images=&#8221;2434,2435,2436&#8243; img_size=&#8221;full&#8221; css=&#8221;&#8221;][\/vc_column][\/vc_row][vc_row][vc_column width=&#8221;1\/2&#8243;][vc_images_carousel images=&#8221;2437,2438,2439&#8243; img_size=&#8221;full&#8221; autoplay=&#8221;yes&#8221; css=&#8221;&#8221;][\/vc_column][vc_column width=&#8221;1\/2&#8243;][vc_images_carousel images=&#8221;2440,2441,2442,2443&#8243; img_size=&#8221;full&#8221; css=&#8221;&#8221;][\/vc_column][\/vc_row]<\/p>\n","protected":false},"author":1,"featured_media":0,"parent":143,"menu_order":0,"comment_status":"closed","ping_status":"closed","template":"","meta":{"footnotes":""},"class_list":["post-147","page","type-page","status-publish","hentry"],"_links":{"self":[{"href":"https:\/\/agpack.com.tr\/index.php?rest_route=\/wp\/v2\/pages\/147","targetHints":{"allow":["GET"]}}],"collection":[{"href":"https:\/\/agpack.com.tr\/index.php?rest_route=\/wp\/v2\/pages"}],"about":[{"href":"https:\/\/agpack.com.tr\/index.php?rest_route=\/wp\/v2\/types\/page"}],"author":[{"embeddable":true,"href":"https:\/\/agpack.com.tr\/index.php?rest_route=\/wp\/v2\/users\/1"}],"replies":[{"embeddable":true,"href":"https:\/\/agpack.com.tr\/index.php?rest_route=%2Fwp%2Fv2%2Fcomments&post=147"}],"version-history":[{"count":3,"href":"https:\/\/agpack.com.tr\/index.php?rest_route=\/wp\/v2\/pages\/147\/revisions"}],"predecessor-version":[{"id":2444,"href":"https:\/\/agpack.com.tr\/index.php?rest_route=\/wp\/v2\/pages\/147\/revisions\/2444"}],"up":[{"embeddable":true,"href":"https:\/\/agpack.com.tr\/index.php?rest_route=\/wp\/v2\/pages\/143"}],"wp:attachment":[{"href":"https:\/\/agpack.com.tr\/index.php?rest_route=%2Fwp%2Fv2%2Fmedia&parent=147"}],"curies":[{"name":"wp","href":"https:\/\/api.w.org\/{rel}","templated":true}]}}