{"id":2068,"date":"2019-03-30T08:59:04","date_gmt":"2019-03-30T08:59:04","guid":{"rendered":"http:\/\/tf.themedraft.com\/wp\/xzopro\/?page_id=2068"},"modified":"2025-09-18T11:26:40","modified_gmt":"2025-09-18T11:26:40","slug":"at-k-po-et-grubu","status":"publish","type":"page","link":"https:\/\/agpack.com.tr\/?page_id=2068","title":{"rendered":"BEDAPLAST"},"content":{"rendered":"<div class=\"wpb-content-wrapper\"><p>[vc_row][vc_column][vc_single_image image=&#8221;2585&#8243; img_size=&#8221;large&#8221; alignment=&#8221;center&#8221; css=&#8221;&#8221;][\/vc_column][\/vc_row][vc_row][vc_column width=&#8221;1\/3&#8243;][vc_images_carousel images=&#8221;2595&#8243; img_size=&#8221;medium&#8221; autoplay=&#8221;yes&#8221; css=&#8221;&#8221;]\n    <div class=\"unordered-list-wrap \">\n         \n        <h4>JUMBO 800<\/h4>\n                \n            <div class=\"twial-list short-list no-list-style unordered-list-588 list-icon-type-flaticon\">\n                <ul><li><i class=\"flaticon-xzopro-arrows\"><\/i>Rulo a\u011f\u0131rl\u0131\u011f\u0131 800 gr.<\/li><li><i class=\"flaticon-xzopro-arrows\"><\/i>\u00c7ift kat mikron 100 \u03bc<\/li><li><i class=\"flaticon-xzopro-arrows\"><\/i>Rulo eni 80 cm, Rulo boyu 110 cm<\/li><li><i class=\"flaticon-xzopro-arrows\"><\/i>Koli i\u00e7i 10X10 adet<\/li>\n                <\/ul>\n            <\/div>  \n        \n    <\/div>\n    [\/vc_column][vc_column width=&#8221;1\/3&#8243;][vc_images_carousel images=&#8221;2596&#8243; img_size=&#8221;medium&#8221; autoplay=&#8221;yes&#8221; css=&#8221;&#8221;]\n    <div class=\"unordered-list-wrap \">\n         \n        <h4>JUMBO 800 (KONTEYNER)<\/h4>\n                \n            <div class=\"twial-list short-list no-list-style unordered-list-838 list-icon-type-flaticon\">\n                <ul><li><i class=\"flaticon-xzopro-arrows\"><\/i>Rulo a\u011f\u0131rl\u0131\u011f\u0131 800 gr.<\/li><li><i class=\"flaticon-xzopro-arrows\"><\/i>\u00c7ift kat mikron 48 \u03bc<\/li><li><i class=\"flaticon-xzopro-arrows\"><\/i>Rulo eni 120 cm, Rulo boyu 150 cm<\/li><li><i class=\"flaticon-xzopro-arrows\"><\/i>Koli i\u00e7i 10X10 adet<\/li>\n                <\/ul>\n            <\/div>  \n        \n    <\/div>\n    [\/vc_column][vc_column width=&#8221;1\/3&#8243;][vc_images_carousel images=&#8221;2597&#8243; img_size=&#8221;medium&#8221; autoplay=&#8221;yes&#8221; css=&#8221;&#8221;]\n    <div class=\"unordered-list-wrap \">\n         \n        <h4>JUMBO 800 (HANTAL)<\/h4>\n                \n            <div class=\"twial-list short-list no-list-style unordered-list-713 list-icon-type-flaticon\">\n                <ul><li><i class=\"flaticon-xzopro-arrows\"><\/i>Rulo a\u011f\u0131rl\u0131\u011f\u0131 800 gr.<\/li><li><i class=\"flaticon-xzopro-arrows\"><\/i>\u00c7ift kat mikron 58 \u03bc<\/li><li><i class=\"flaticon-xzopro-arrows\"><\/i>Rulo eni 10 cm, Rulo boyu 150 cm<\/li><li><i class=\"flaticon-xzopro-arrows\"><\/i>Koli i\u00e7i 10X10 adet<\/li>\n                <\/ul>\n            <\/div>  \n        \n    <\/div>\n    [\/vc_column][\/vc_row][vc_row][vc_column width=&#8221;1\/3&#8243;][vc_images_carousel images=&#8221;2590&#8243; img_size=&#8221;medium&#8221; autoplay=&#8221;yes&#8221; css=&#8221;&#8221;]\n    <div class=\"unordered-list-wrap \">\n         \n        <h4>JUMBO 400<\/h4>\n                \n            <div class=\"twial-list short-list no-list-style unordered-list-988 list-icon-type-flaticon\">\n                <ul><li><i class=\"flaticon-xzopro-arrows\"><\/i>Rulo a\u011f\u0131rl\u0131\u011f\u0131 400 gr.<\/li><li><i class=\"flaticon-xzopro-arrows\"><\/i>\u00c7ift kat mikron 50 \u03bc<\/li><li><i class=\"flaticon-xzopro-arrows\"><\/i>Rulo eni 80 cm, Rulo boyu 110 cm<\/li><li><i class=\"flaticon-xzopro-arrows\"><\/i>Koli i\u00e7i 10X20 adet<\/li>\n                <\/ul>\n            <\/div>  \n        \n    <\/div>\n    [\/vc_column][vc_column width=&#8221;1\/3&#8243;][vc_images_carousel images=&#8221;2591&#8243; img_size=&#8221;medium&#8221; autoplay=&#8221;yes&#8221; css=&#8221;&#8221;]\n    <div class=\"unordered-list-wrap \">\n         \n        <h4>BATTAL 300<\/h4>\n                \n            <div class=\"twial-list short-list no-list-style unordered-list-509 list-icon-type-flaticon\">\n                <ul><li><i class=\"flaticon-xzopro-arrows\"><\/i>Rulo a\u011f\u0131rl\u0131\u011f\u0131 300 gr.<\/li><li><i class=\"flaticon-xzopro-arrows\"><\/i>\u00c7ift kat mikron 48 \u03bc<\/li><li><i class=\"flaticon-xzopro-arrows\"><\/i>Rulo eni 75 cm, Rulo boyu 90 cm<\/li><li><i class=\"flaticon-xzopro-arrows\"><\/i>Koli i\u00e7i 10X20 adet<\/li>\n                <\/ul>\n            <\/div>  \n        \n    <\/div>\n    [\/vc_column][\/vc_row]<\/p>\n<\/div>","protected":false},"excerpt":{"rendered":"<p>[vc_row][vc_column][vc_single_image image=&#8221;2585&#8243; img_size=&#8221;large&#8221; alignment=&#8221;center&#8221; css=&#8221;&#8221;][\/vc_column][\/vc_row][vc_row][vc_column width=&#8221;1\/3&#8243;][vc_images_carousel images=&#8221;2595&#8243; img_size=&#8221;medium&#8221; autoplay=&#8221;yes&#8221; css=&#8221;&#8221;][\/vc_column][vc_column width=&#8221;1\/3&#8243;][vc_images_carousel images=&#8221;2596&#8243; img_size=&#8221;medium&#8221; autoplay=&#8221;yes&#8221; css=&#8221;&#8221;][\/vc_column][vc_column width=&#8221;1\/3&#8243;][vc_images_carousel images=&#8221;2597&#8243; img_size=&#8221;medium&#8221; autoplay=&#8221;yes&#8221; css=&#8221;&#8221;][\/vc_column][\/vc_row][vc_row][vc_column width=&#8221;1\/3&#8243;][vc_images_carousel images=&#8221;2590&#8243; img_size=&#8221;medium&#8221; autoplay=&#8221;yes&#8221; css=&#8221;&#8221;][\/vc_column][vc_column width=&#8221;1\/3&#8243;][vc_images_carousel images=&#8221;2591&#8243; img_size=&#8221;medium&#8221; autoplay=&#8221;yes&#8221; css=&#8221;&#8221;][\/vc_column][\/vc_row]<\/p>\n","protected":false},"author":1,"featured_media":2600,"parent":182,"menu_order":0,"comment_status":"closed","ping_status":"closed","template":"","meta":{"footnotes":""},"class_list":["post-2068","page","type-page","status-publish","has-post-thumbnail","hentry"],"_links":{"self":[{"href":"https:\/\/agpack.com.tr\/index.php?rest_route=\/wp\/v2\/pages\/2068","targetHints":{"allow":["GET"]}}],"collection":[{"href":"https:\/\/agpack.com.tr\/index.php?rest_route=\/wp\/v2\/pages"}],"about":[{"href":"https:\/\/agpack.com.tr\/index.php?rest_route=\/wp\/v2\/types\/page"}],"author":[{"embeddable":true,"href":"https:\/\/agpack.com.tr\/index.php?rest_route=\/wp\/v2\/users\/1"}],"replies":[{"embeddable":true,"href":"https:\/\/agpack.com.tr\/index.php?rest_route=%2Fwp%2Fv2%2Fcomments&post=2068"}],"version-history":[{"count":8,"href":"https:\/\/agpack.com.tr\/index.php?rest_route=\/wp\/v2\/pages\/2068\/revisions"}],"predecessor-version":[{"id":2599,"href":"https:\/\/agpack.com.tr\/index.php?rest_route=\/wp\/v2\/pages\/2068\/revisions\/2599"}],"up":[{"embeddable":true,"href":"https:\/\/agpack.com.tr\/index.php?rest_route=\/wp\/v2\/pages\/182"}],"wp:featuredmedia":[{"embeddable":true,"href":"https:\/\/agpack.com.tr\/index.php?rest_route=\/wp\/v2\/media\/2600"}],"wp:attachment":[{"href":"https:\/\/agpack.com.tr\/index.php?rest_route=%2Fwp%2Fv2%2Fmedia&parent=2068"}],"curies":[{"name":"wp","href":"https:\/\/api.w.org\/{rel}","templated":true}]}}