{"id":2227,"date":"2018-07-08T03:10:34","date_gmt":"2018-07-08T03:10:34","guid":{"rendered":"http:\/\/tf.themedraft.com\/wp\/xzopro\/?page_id=8"},"modified":"2025-09-18T12:01:30","modified_gmt":"2025-09-18T12:01:30","slug":"anasayfa","status":"publish","type":"page","link":"https:\/\/agpack.com.tr\/","title":{"rendered":"Ana Sayfa"},"content":{"rendered":"<div class=\"wpb-content-wrapper\"><p>[vc_row full_width=&#8221;stretch_row_content_no_spaces&#8221;][vc_column]\n\n\n        <script>\n\t        jQuery(window).load(function(){\n                var homeslider = jQuery(\"#slider-wrapper\");\n\n\t            homeslider.owlCarousel({\n\t                items: 1,\n\t                loop: true,\n\t                autoplay: true,\n\t                autoplayTimeout: 4000,\n\t                nav: true,\n\t                smartSpeed:1000,\n                            animateIn: \"fadeIn\",\n                            animateOut: \"fadeOut\",\n\t                dots: true,\n\t                mouseDrag: false,\n\t                navText: [\"<i class='fa fa-angle-left'><\/i>\", \"<i class='fa fa-angle-right'><\/i>\"],\n\t            });\n\t            homeslider.on(\"translate.owl.carousel\", function(){\n                    var layer = jQuery(\"[data-animation]\");\n                    layer.each(function() {\n                        var anim_name = jQuery(this).data(\"animation\");\n                        jQuery(this).removeClass(\"animated \" + anim_name).css(\"opacity\", \"0\");\n                    });\n                });\n\n                jQuery(\"[data-delay]\").each(function () {\n                    var anim_del = jQuery(this).data(\"delay\");\n                    jQuery(this).css(\"animation-delay\", anim_del);\n                });\n\n                jQuery(\"[data-duration]\").each(function () {\n                    var anim_dur = jQuery(this).data(\"duration\");\n                    jQuery(this).css(\"animation-duration\", anim_dur);\n                });\n\n                homeslider.on(\"translated.owl.carousel\", function () {\n                    var layer = homeslider.find(\".owl-item.active\").find(\"[data-animation]\");\n                    layer.each(function () {\n                        var anim_name = jQuery(this).data(\"animation\");\n                        jQuery(this).addClass(\"animated \" + anim_name).css(\"opacity\", \"1\");\n                    });\n                });            \n\t        })\n\t    <\/script>\n\t    \n        <div class=\"slider-main-wrapper \">\n            <div id=\"slider-wrapper\" class=\"slider-wrapper owl-carousel\">    \n                <div class=\"single-slide-item\" style=\"background-image: url(https:\/\/agpack.com.tr\/wp-content\/uploads\/2019\/08\/handshake-7249766_1280-1.jpg)\"><div class=\"slider-overlay\" style=\"background: rgba(0,0,0,0.01); opacity: \"><\/div>    \n                    <div class=\"slide-content-wrapper text-center\">\n                        <div class=\"container\">\n                            <div class=\"row\">\n                                <div class=\"col-xl-8 col-lg-9 offset-xl-0 offset-lg-0 col-md-10 col-11\">\n                                        <h2 class=\"slide-title\" data-animation=\"fadeInUp\" data-duration=\".4s\">AG PACK<\/h2>\n                                        <h2 class=\"bold-title\" data-animation=\"fadeInUp\" data-duration=\".4s\" data-delay=\".3s\">Daima Yan\u0131n\u0131zda<\/h2>\n                                <\/div>\n                            <\/div>\n                        <\/div>\n                    <\/div>\n                <\/div>\n                \n                <div class=\"single-slide-item\" style=\"background-image: url(https:\/\/agpack.com.tr\/wp-content\/uploads\/2018\/07\/slider03.jpg)\"><div class=\"slider-overlay\" style=\"background: rgba(0,0,0,0.01); opacity: 0\"><\/div>    \n                    <div class=\"slide-content-wrapper \">\n                        <div class=\"container\">\n                            <div class=\"row\">\n                                <div class=\"col-xl-8 col-lg-9 offset-xl-0 offset-lg-0 col-md-10 col-11\">\n                                        <h2 class=\"slide-title\" data-animation=\"fadeInUp\" data-duration=\".4s\">AG PACK<\/h2>\n                                        <h2 class=\"bold-title\" data-animation=\"fadeInUp\" data-duration=\".4s\" data-delay=\".3s\">Da\u011f\u0131t\u0131m ve Lojistikte G\u00fcvenilir \u0130\u015f Orta\u011f\u0131n\u0131z<\/h2>\n                                <\/div>\n                            <\/div>\n                        <\/div>\n                    <\/div>\n                <\/div>\n                \n            <\/div>\n        <\/div> [\/vc_column][\/vc_row][vc_row css=&#8221;.vc_custom_1534588396610{padding-top: 90px !important;}&#8221;][vc_column]\n        <div class=\"section-title-wrapper \" style=\"color: #1C065D\">\n            <div class=\"row text-center\">\n                <div class=\"col-xl-6 offset-xl-3 col-lg-8 offset-lg-2 col-md-10 offset-md-1\">  \n                    <h2 class=\"section-title\" style=\"color:#0a6db7\">AG PACK<\/h2>\n                    <ul class=\"title-shape no-list-style text-center\">\n                        <li style=\"background: #0a6db7\"><\/li>\n                        <li style=\"background: #0a6db7\"><\/li>\n                        <li style=\"background: #0a6db7\"><\/li>\n                    <\/ul>\n                    <p>www.agpack.com.tr<\/p>\n\n                <\/div>\n            <\/div>   \n        <\/div>\n    [\/vc_column][\/vc_row]<\/p>\n<\/div>","protected":false},"excerpt":{"rendered":"<p>[vc_row full_width=&#8221;stretch_row_content_no_spaces&#8221;][vc_column][\/vc_column][\/vc_row][vc_row css=&#8221;.vc_custom_1534588396610{padding-top: 90px !important;}&#8221;][vc_column][\/vc_column][\/vc_row]<\/p>\n","protected":false},"author":1,"featured_media":2254,"parent":0,"menu_order":0,"comment_status":"closed","ping_status":"closed","template":"","meta":{"footnotes":""},"class_list":["post-2227","page","type-page","status-publish","has-post-thumbnail","hentry"],"_links":{"self":[{"href":"https:\/\/agpack.com.tr\/index.php?rest_route=\/wp\/v2\/pages\/2227","targetHints":{"allow":["GET"]}}],"collection":[{"href":"https:\/\/agpack.com.tr\/index.php?rest_route=\/wp\/v2\/pages"}],"about":[{"href":"https:\/\/agpack.com.tr\/index.php?rest_route=\/wp\/v2\/types\/page"}],"author":[{"embeddable":true,"href":"https:\/\/agpack.com.tr\/index.php?rest_route=\/wp\/v2\/users\/1"}],"replies":[{"embeddable":true,"href":"https:\/\/agpack.com.tr\/index.php?rest_route=%2Fwp%2Fv2%2Fcomments&post=2227"}],"version-history":[{"count":5,"href":"https:\/\/agpack.com.tr\/index.php?rest_route=\/wp\/v2\/pages\/2227\/revisions"}],"predecessor-version":[{"id":2605,"href":"https:\/\/agpack.com.tr\/index.php?rest_route=\/wp\/v2\/pages\/2227\/revisions\/2605"}],"wp:featuredmedia":[{"embeddable":true,"href":"https:\/\/agpack.com.tr\/index.php?rest_route=\/wp\/v2\/media\/2254"}],"wp:attachment":[{"href":"https:\/\/agpack.com.tr\/index.php?rest_route=%2Fwp%2Fv2%2Fmedia&parent=2227"}],"curies":[{"name":"wp","href":"https:\/\/api.w.org\/{rel}","templated":true}]}}