{"id":2229,"date":"2018-07-08T03:11:42","date_gmt":"2018-07-08T03:11:42","guid":{"rendered":"http:\/\/tf.themedraft.com\/wp\/xzopro\/?page_id=12"},"modified":"2025-03-28T10:12:57","modified_gmt":"2025-03-28T10:12:57","slug":"services","status":"publish","type":"page","link":"https:\/\/agpack.com.tr\/?page_id=2229","title":{"rendered":"\u00dcr\u00fcnlerimiz"},"content":{"rendered":"<div class=\"wpb-content-wrapper\"><p>[vc_row css=&#8221;.vc_custom_1534764583084{padding-top: 86px !important;padding-bottom: 70px !important;background-position: center !important;background-repeat: no-repeat !important;background-size: cover !important;}&#8221;][vc_column width=&#8221;1\/3&#8243;]\n        <div id=\"service-box-778\" class=\"single-service-box service-box-style-2 \">\n            <div class=\"service-content-wrapper\">\n                <div class=\"service-box-icon imgicon\">\n            \t\t\t<img decoding=\"async\" src=\"https:\/\/agpack.com.tr\/wp-content\/uploads\/2025\/03\/kagit-150x150.jpg\" alt=\"\">\n            \t\t\n                <\/div>\n                <div class=\"service-box-content\">\n                    <a href=\"https:\/\/agpack.com.tr\/?page_id=143\"><h4>KA\u011eIT GRUBU<\/h4><\/a>\n                    <p>Ka\u011f\u0131t Havlu, Tuvalet Ka\u011f\u0131d\u0131 ve Pe\u00e7ete gruplar\u0131ndaki markalar\u0131m\u0131z<\/p>\n\n                    <a class=\"service-read-more\" href=\"https:\/\/agpack.com.tr\/?page_id=143\">daha fazla<\/a>\n                <\/div>\n            <\/div>\n        <\/div>\n        \n        <style>\n            #service-box-778 .service-box-content,\n            #service-box-778.service-box-style-1 .service-box-icon,\n            #service-box-778 .service-box-content a h4{\n                color: #242424;\n            }\n            #service-box-778 .service-read-more,\n            #service-box-778 .service-read-more:before,\n            #service-box-778 .service-read-more:hover,\n            #service-box-778.single-service-box:hover a h4{\n                color: #0a6db7;\n            }\n            \n            #service-box-778.service-box-style-2:hover .service-box-icon{\n                background: #0a6db7;\n                border-color: #0a6db7;\n            }\n        <\/style>\n    [\/vc_column][vc_column width=&#8221;1\/3&#8243;]\n        <div id=\"service-box-469\" class=\"single-service-box service-box-style-2 \">\n            <div class=\"service-content-wrapper\">\n                <div class=\"service-box-icon imgicon\">\n            \t\t\t<img decoding=\"async\" src=\"https:\/\/agpack.com.tr\/wp-content\/uploads\/2025\/03\/cop-poseti-150x150.jpg\" alt=\"\">\n            \t\t\n                <\/div>\n                <div class=\"service-box-content\">\n                    <a href=\"https:\/\/agpack.com.tr\/?page_id=182\"><h4>\u00c7\u00d6P PO\u015eET\u0130 GRUBU<\/h4><\/a>\n                    <p>Ev t\u00fcketimi, Jumbo boy, Battal boy, T\u0131bbi at\u0131k, Cam at\u0131k ve Evsel at\u0131k gruplar\u0131ndaki markalar\u0131m\u0131z<\/p>\n\n                    <a class=\"service-read-more\" href=\"https:\/\/agpack.com.tr\/?page_id=182\">daha fazla<\/a>\n                <\/div>\n            <\/div>\n        <\/div>\n        \n        <style>\n            #service-box-469 .service-box-content,\n            #service-box-469.service-box-style-1 .service-box-icon,\n            #service-box-469 .service-box-content a h4{\n                color: #242424;\n            }\n            #service-box-469 .service-read-more,\n            #service-box-469 .service-read-more:before,\n            #service-box-469 .service-read-more:hover,\n            #service-box-469.single-service-box:hover a h4{\n                color: #0a6db7;\n            }\n            \n            #service-box-469.service-box-style-2:hover .service-box-icon{\n                background: #0a6db7;\n                border-color: #0a6db7;\n            }\n        <\/style>\n    [\/vc_column][vc_column width=&#8221;1\/3&#8243;]\n        <div id=\"service-box-785\" class=\"single-service-box service-box-style-2 \">\n            <div class=\"service-content-wrapper\">\n                <div class=\"service-box-icon imgicon\">\n            \t\t\t<img decoding=\"async\" src=\"https:\/\/agpack.com.tr\/wp-content\/uploads\/2025\/03\/dmo-logo-yazili-150x150.png\" alt=\"\">\n            \t\t\n                <\/div>\n                <div class=\"service-box-content\">\n                    <a href=\"https:\/\/agpack.com.tr\/?page_id=138\"><h4>DMO E-KATALOG \u00dcR\u00dcNLER\u0130<\/h4><\/a>\n                    <p>Devlet Malzeme Ofisi E-Sat\u0131\u015f Portal\u0131nda yer alan \u00fcr\u00fcnlerimiz<\/p>\n\n                    <a class=\"service-read-more\" href=\"https:\/\/agpack.com.tr\/?page_id=138\">daha fazla<\/a>\n                <\/div>\n            <\/div>\n        <\/div>\n        \n        <style>\n            #service-box-785 .service-box-content,\n            #service-box-785.service-box-style-1 .service-box-icon,\n            #service-box-785 .service-box-content a h4{\n                color: #242424;\n            }\n            #service-box-785 .service-read-more,\n            #service-box-785 .service-read-more:before,\n            #service-box-785 .service-read-more:hover,\n            #service-box-785.single-service-box:hover a h4{\n                color: #0a6db7;\n            }\n            \n            #service-box-785.service-box-style-2:hover .service-box-icon{\n                background: #0a6db7;\n                border-color: #0a6db7;\n            }\n        <\/style>\n    [\/vc_column][\/vc_row]<\/p>\n<\/div>","protected":false},"excerpt":{"rendered":"<p>[vc_row css=&#8221;.vc_custom_1534764583084{padding-top: 86px !important;padding-bottom: 70px !important;background-position: center !important;background-repeat: no-repeat !important;background-size: cover !important;}&#8221;][vc_column width=&#8221;1\/3&#8243;][\/vc_column][vc_column width=&#8221;1\/3&#8243;][\/vc_column][vc_column width=&#8221;1\/3&#8243;][\/vc_column][\/vc_row]<\/p>\n","protected":false},"author":1,"featured_media":0,"parent":0,"menu_order":0,"comment_status":"closed","ping_status":"closed","template":"","meta":{"footnotes":""},"class_list":["post-2229","page","type-page","status-publish","hentry"],"_links":{"self":[{"href":"https:\/\/agpack.com.tr\/index.php?rest_route=\/wp\/v2\/pages\/2229","targetHints":{"allow":["GET"]}}],"collection":[{"href":"https:\/\/agpack.com.tr\/index.php?rest_route=\/wp\/v2\/pages"}],"about":[{"href":"https:\/\/agpack.com.tr\/index.php?rest_route=\/wp\/v2\/types\/page"}],"author":[{"embeddable":true,"href":"https:\/\/agpack.com.tr\/index.php?rest_route=\/wp\/v2\/users\/1"}],"replies":[{"embeddable":true,"href":"https:\/\/agpack.com.tr\/index.php?rest_route=%2Fwp%2Fv2%2Fcomments&post=2229"}],"version-history":[{"count":6,"href":"https:\/\/agpack.com.tr\/index.php?rest_route=\/wp\/v2\/pages\/2229\/revisions"}],"predecessor-version":[{"id":2552,"href":"https:\/\/agpack.com.tr\/index.php?rest_route=\/wp\/v2\/pages\/2229\/revisions\/2552"}],"wp:attachment":[{"href":"https:\/\/agpack.com.tr\/index.php?rest_route=%2Fwp%2Fv2%2Fmedia&parent=2229"}],"curies":[{"name":"wp","href":"https:\/\/api.w.org\/{rel}","templated":true}]}}