{"id":2230,"date":"2018-07-08T03:12:12","date_gmt":"2018-07-08T03:12:12","guid":{"rendered":"http:\/\/tf.themedraft.com\/wp\/xzopro\/?page_id=14"},"modified":"2025-03-28T10:43:23","modified_gmt":"2025-03-28T10:43:23","slug":"dmo-e-sat-portal-r-nlerimiz","status":"publish","type":"page","link":"https:\/\/agpack.com.tr\/?page_id=2230","title":{"rendered":"DMO E-Sat\u0131\u015f \u00dcr\u00fcnlerimiz"},"content":{"rendered":"<div class=\"wpb-content-wrapper\"><p>[vc_row][vc_column width=&#8221;1\/3&#8243;][vc_images_carousel images=&#8221;2513&#8243; img_size=&#8221;medium&#8221; autoplay=&#8221;yes&#8221; css=&#8221;&#8221;]\n    <div class=\"unordered-list-wrap \">\n         \n        <h4>FOTOSELL\u0130 HAVLU 2,5 KG.<\/h4>\n                \n            <div class=\"twial-list short-list no-list-style unordered-list-324 list-icon-type-imageicon\">\n                <ul><li><i class=\"\"><\/i>\u00dcR\u00dcN KODU  116048-K4672<\/li><li><i class=\"\"><\/i>2 katl\u0131<\/li><li><i class=\"\"><\/i>%100 sel\u00fcloz<\/li><li><i class=\"\"><\/i>Rulo eni 20,5 cm<\/li><li><i class=\"\"><\/i>1 rulo 50 m<\/li><li><i class=\"\"><\/i>Koli i\u00e7i 6 adet<\/li>\n                <\/ul>\n            <\/div>  \n            \n                <style>\n                     .unordered-list-324.list-icon-type-imageicon li:before {\n                         background-image: url(https:\/\/agpack.com.tr\/wp-content\/uploads\/2018\/07\/lict-icon.png);\n                     }   \n                <\/style>\n            \n    <\/div>\n    [\/vc_column][vc_column width=&#8221;1\/3&#8243;][vc_images_carousel images=&#8221;2516&#8243; img_size=&#8221;full&#8221; autoplay=&#8221;yes&#8221; css=&#8221;&#8221;]\n    <div class=\"unordered-list-wrap \">\n         \n        <h4>FOTOSELL\u0130 HAVLU 3 KG.<\/h4>\n                \n            <div class=\"twial-list short-list no-list-style unordered-list-417 list-icon-type-imageicon\">\n                <ul><li><i class=\"\"><\/i>\u00dcR\u00dcN KODU  116049-K4672<\/li><li><i class=\"\"><\/i>2 katl\u0131<\/li><li><i class=\"\"><\/i>%100 sel\u00fcloz<\/li><li><i class=\"\"><\/i>Rulo eni 20,5 cm<\/li><li><i class=\"\"><\/i>1 rulo 52 m<\/li><li><i class=\"\"><\/i>Koli i\u00e7i 6 adet<\/li>\n                <\/ul>\n            <\/div>  \n            \n                <style>\n                     .unordered-list-417.list-icon-type-imageicon li:before {\n                         background-image: url(https:\/\/agpack.com.tr\/wp-content\/uploads\/2018\/07\/lict-icon.png);\n                     }   \n                <\/style>\n            \n    <\/div>\n    [\/vc_column][vc_column width=&#8221;1\/3&#8243;][vc_images_carousel images=&#8221;2515&#8243; img_size=&#8221;medium&#8221; autoplay=&#8221;yes&#8221; css=&#8221;&#8221;]\n    <div class=\"unordered-list-wrap \">\n         \n        <h4>FOTOSELL\u0130 HAVLU 4 KG.<\/h4>\n                \n            <div class=\"twial-list short-list no-list-style unordered-list-369 list-icon-type-imageicon\">\n                <ul><li><i class=\"\"><\/i>\u00dcR\u00dcN KODU  116050-K4672<\/li><li><i class=\"\"><\/i>2 katl\u0131<\/li><li><i class=\"\"><\/i>%100 sel\u00fcloz<\/li><li><i class=\"\"><\/i>Rulo eni 20,5 cm<\/li><li><i class=\"\"><\/i>1 rulo 70 m<\/li><li><i class=\"\"><\/i>Koli i\u00e7i 6 adet<\/li>\n                <\/ul>\n            <\/div>  \n            \n                <style>\n                     .unordered-list-369.list-icon-type-imageicon li:before {\n                         background-image: url(https:\/\/agpack.com.tr\/wp-content\/uploads\/2018\/07\/lict-icon.png);\n                     }   \n                <\/style>\n            \n    <\/div>\n    [\/vc_column][\/vc_row][vc_row][vc_column width=&#8221;1\/3&#8243;][vc_images_carousel images=&#8221;2518&#8243; img_size=&#8221;medium&#8221; autoplay=&#8221;yes&#8221; css=&#8221;&#8221;]\n    <div class=\"unordered-list-wrap \">\n         \n        <h4>M\u0130N\u0130 C\u0130MR\u0130 \u0130\u00c7TEN \u00c7EKMEL\u0130 TUVALET KA\u011eIDI 3 KG.<\/h4>\n                \n            <div class=\"twial-list short-list no-list-style unordered-list-382 list-icon-type-imageicon\">\n                <ul><li><i class=\"\"><\/i>\u00dcR\u00dcN KODU  116040-K4672<\/li><li><i class=\"\"><\/i>2 katl\u0131<\/li><li><i class=\"\"><\/i>%100 sel\u00fcloz<\/li><li><i class=\"\"><\/i>Rulo eni 11,4 cm<\/li><li><i class=\"\"><\/i>1 rulo 50 m<\/li><li><i class=\"\"><\/i>Koli i\u00e7i 12 adet<\/li>\n                <\/ul>\n            <\/div>  \n            \n                <style>\n                     .unordered-list-382.list-icon-type-imageicon li:before {\n                         background-image: url(https:\/\/agpack.com.tr\/wp-content\/uploads\/2018\/07\/lict-icon.png);\n                     }   \n                <\/style>\n            \n    <\/div>\n    [\/vc_column][vc_column width=&#8221;1\/3&#8243;][vc_images_carousel images=&#8221;2519&#8243; img_size=&#8221;medium&#8221; autoplay=&#8221;yes&#8221; css=&#8221;&#8221;]\n    <div class=\"unordered-list-wrap \">\n         \n        <h4>M\u0130N\u0130 EKO \u0130\u00c7TEN \u00c7EKMEL\u0130 TUVALET KA\u011eIDI 4 KG.<\/h4>\n                \n            <div class=\"twial-list short-list no-list-style unordered-list-502 list-icon-type-imageicon\">\n                <ul><li><i class=\"\"><\/i>\u00dcR\u00dcN KODU  116049-K4672<\/li><li><i class=\"\"><\/i>2 katl\u0131<\/li><li><i class=\"\"><\/i>%100 sel\u00fcloz<\/li><li><i class=\"\"><\/i>Rulo eni 11,5 cm<\/li><li><i class=\"\"><\/i>1 rulo 77 m<\/li><li><i class=\"\"><\/i>Koli i\u00e7i 6 adet<\/li>\n                <\/ul>\n            <\/div>  \n            \n                <style>\n                     .unordered-list-502.list-icon-type-imageicon li:before {\n                         background-image: url(https:\/\/agpack.com.tr\/wp-content\/uploads\/2018\/07\/lict-icon.png);\n                     }   \n                <\/style>\n            \n    <\/div>\n    [\/vc_column][\/vc_row]<\/p>\n<\/div>","protected":false},"excerpt":{"rendered":"<p>[vc_row][vc_column width=&#8221;1\/3&#8243;][vc_images_carousel images=&#8221;2513&#8243; img_size=&#8221;medium&#8221; autoplay=&#8221;yes&#8221; css=&#8221;&#8221;][\/vc_column][vc_column width=&#8221;1\/3&#8243;][vc_images_carousel images=&#8221;2516&#8243; img_size=&#8221;full&#8221; autoplay=&#8221;yes&#8221; css=&#8221;&#8221;][\/vc_column][vc_column width=&#8221;1\/3&#8243;][vc_images_carousel images=&#8221;2515&#8243; img_size=&#8221;medium&#8221; autoplay=&#8221;yes&#8221; css=&#8221;&#8221;][\/vc_column][\/vc_row][vc_row][vc_column width=&#8221;1\/3&#8243;][vc_images_carousel images=&#8221;2518&#8243; img_size=&#8221;medium&#8221; autoplay=&#8221;yes&#8221; css=&#8221;&#8221;][\/vc_column][vc_column width=&#8221;1\/3&#8243;][vc_images_carousel images=&#8221;2519&#8243; img_size=&#8221;medium&#8221; autoplay=&#8221;yes&#8221; css=&#8221;&#8221;][\/vc_column][\/vc_row]<\/p>\n","protected":false},"author":1,"featured_media":0,"parent":0,"menu_order":0,"comment_status":"closed","ping_status":"closed","template":"","meta":{"footnotes":""},"class_list":["post-2230","page","type-page","status-publish","hentry"],"_links":{"self":[{"href":"https:\/\/agpack.com.tr\/index.php?rest_route=\/wp\/v2\/pages\/2230","targetHints":{"allow":["GET"]}}],"collection":[{"href":"https:\/\/agpack.com.tr\/index.php?rest_route=\/wp\/v2\/pages"}],"about":[{"href":"https:\/\/agpack.com.tr\/index.php?rest_route=\/wp\/v2\/types\/page"}],"author":[{"embeddable":true,"href":"https:\/\/agpack.com.tr\/index.php?rest_route=\/wp\/v2\/users\/1"}],"replies":[{"embeddable":true,"href":"https:\/\/agpack.com.tr\/index.php?rest_route=%2Fwp%2Fv2%2Fcomments&post=2230"}],"version-history":[{"count":8,"href":"https:\/\/agpack.com.tr\/index.php?rest_route=\/wp\/v2\/pages\/2230\/revisions"}],"predecessor-version":[{"id":2569,"href":"https:\/\/agpack.com.tr\/index.php?rest_route=\/wp\/v2\/pages\/2230\/revisions\/2569"}],"wp:attachment":[{"href":"https:\/\/agpack.com.tr\/index.php?rest_route=%2Fwp%2Fv2%2Fmedia&parent=2230"}],"curies":[{"name":"wp","href":"https:\/\/api.w.org\/{rel}","templated":true}]}}