{"id":2231,"date":"2018-07-08T03:12:43","date_gmt":"2018-07-08T03:12:43","guid":{"rendered":"http:\/\/tf.themedraft.com\/wp\/xzopro\/?page_id=16"},"modified":"2025-03-28T08:54:41","modified_gmt":"2025-03-28T08:54:41","slug":"hakk-m-zda","status":"publish","type":"page","link":"https:\/\/agpack.com.tr\/?page_id=2231","title":{"rendered":"Hakk\u0131m\u0131zda"},"content":{"rendered":"<div class=\"wpb-content-wrapper\"><p>[vc_row][vc_column][vc_single_image image=&#8221;2532&#8243; img_size=&#8221;full&#8221; alignment=&#8221;center&#8221; css=&#8221;&#8221;][\/vc_column][\/vc_row][vc_row][vc_column]\n        <div class=\"twt-wrap \">\n            <h1 style=\"color:#08105D;font-size: 36px\">V\u0130ZYONUMUZ<\/h1>\n            \u00dcr\u00fcn ve hizmet kalitemizi s\u00fcrekli geli\u015ftirerek, m\u00fc\u015fteri talep ve beklentilerini en \u00fcst seviyede kar\u015f\u0131lamak, sekt\u00f6r\u00fcnde tercih ve tavsiye edilen, istikrarl\u0131 b\u00fcy\u00fcyen bir kurulu\u015f olmak.\n        <\/div>\n    [vc_separator color=&#8221;sky&#8221; border_width=&#8221;8&#8243; css=&#8221;&#8221;][\/vc_column][\/vc_row][vc_row][vc_column]\n        <div class=\"twt-wrap \">\n            <h1 style=\"color:#140752;font-size: 36px\">M\u0130SYONUMUZ<\/h1>\n            Bireye ve topluma sayg\u0131l\u0131, hukuka, ekonomik ve ahlaki ilkelere ba\u011fl\u0131, sa\u011fl\u0131k, emniyet ve \u00e7evreye duyarl\u0131 olarak, g\u00fc\u00e7l\u00fc bir ileti\u015fim ile m\u00fc\u015fterilerimizle aram\u0131zda duygusal bir ba\u011f yaratmak ve m\u00fc\u015fteri sadakatini sa\u011flamak.\n        <\/div>\n    [vc_separator color=&#8221;sky&#8221; border_width=&#8221;8&#8243; css=&#8221;&#8221;][\/vc_column][\/vc_row][vc_row][vc_column]\n        <div class=\"twt-wrap \">\n            <h1 style=\"color:#140C50;font-size: 36px\">DE\u011eERLER\u0130M\u0130Z<\/h1>\n            <\/p>\n<ul>\n<li>\u00c7al\u0131\u015fan aidiyetine \u00f6nem vermek<\/li>\n<li>Eme\u011fe sayg\u0131 duymak<\/li>\n<li>\u0130\u015finin ehli olmak<\/li>\n<li>Kaliteden \u00f6d\u00fcn vermemek<\/li>\n<li>\u0130\u015f ahlak\u0131 y\u00fcksek rekabet etmek<\/li>\n<li>Ortak Ak\u0131l ve Kat\u0131l\u0131mc\u0131l\u0131k<\/li>\n<li>Etik De\u011ferlere Ba\u011fl\u0131l\u0131k<\/li>\n<li>Kalite Odakl\u0131l\u0131k<\/li>\n<li>Yenilik\u00e7ilik ve Giri\u015fimcilik<\/li>\n<li>\u00c7evreye Sayg\u0131 ve Duyarl\u0131l\u0131k<\/li>\n<\/ul>\n<p>\n        <\/div>\n    [\/vc_column][\/vc_row][vc_row][vc_column][vc_separator color=&#8221;sky&#8221; border_width=&#8221;8&#8243; css=&#8221;&#8221;][\/vc_column][\/vc_row]<\/p>\n<\/div>","protected":false},"excerpt":{"rendered":"<p>[vc_row][vc_column][vc_single_image image=&#8221;2532&#8243; img_size=&#8221;full&#8221; alignment=&#8221;center&#8221; css=&#8221;&#8221;][\/vc_column][\/vc_row][vc_row][vc_column][vc_separator color=&#8221;sky&#8221; border_width=&#8221;8&#8243; css=&#8221;&#8221;][\/vc_column][\/vc_row][vc_row][vc_column][vc_separator color=&#8221;sky&#8221; border_width=&#8221;8&#8243; css=&#8221;&#8221;][\/vc_column][\/vc_row][vc_row][vc_column][\/vc_column][\/vc_row][vc_row][vc_column][vc_separator color=&#8221;sky&#8221; border_width=&#8221;8&#8243; css=&#8221;&#8221;][\/vc_column][\/vc_row]<\/p>\n","protected":false},"author":1,"featured_media":0,"parent":0,"menu_order":0,"comment_status":"closed","ping_status":"closed","template":"","meta":{"footnotes":""},"class_list":["post-2231","page","type-page","status-publish","hentry"],"_links":{"self":[{"href":"https:\/\/agpack.com.tr\/index.php?rest_route=\/wp\/v2\/pages\/2231","targetHints":{"allow":["GET"]}}],"collection":[{"href":"https:\/\/agpack.com.tr\/index.php?rest_route=\/wp\/v2\/pages"}],"about":[{"href":"https:\/\/agpack.com.tr\/index.php?rest_route=\/wp\/v2\/types\/page"}],"author":[{"embeddable":true,"href":"https:\/\/agpack.com.tr\/index.php?rest_route=\/wp\/v2\/users\/1"}],"replies":[{"embeddable":true,"href":"https:\/\/agpack.com.tr\/index.php?rest_route=%2Fwp%2Fv2%2Fcomments&post=2231"}],"version-history":[{"count":3,"href":"https:\/\/agpack.com.tr\/index.php?rest_route=\/wp\/v2\/pages\/2231\/revisions"}],"predecessor-version":[{"id":2533,"href":"https:\/\/agpack.com.tr\/index.php?rest_route=\/wp\/v2\/pages\/2231\/revisions\/2533"}],"wp:attachment":[{"href":"https:\/\/agpack.com.tr\/index.php?rest_route=%2Fwp%2Fv2%2Fmedia&parent=2231"}],"curies":[{"name":"wp","href":"https:\/\/api.w.org\/{rel}","templated":true}]}}