{"id":2232,"date":"2018-07-08T03:13:34","date_gmt":"2018-07-08T03:13:34","guid":{"rendered":"http:\/\/tf.themedraft.com\/wp\/xzopro\/?page_id=18"},"modified":"2025-03-28T06:29:58","modified_gmt":"2025-03-28T06:29:58","slug":"eki-bi-mi-z","status":"publish","type":"page","link":"https:\/\/agpack.com.tr\/?page_id=2232","title":{"rendered":"Ekibimiz"},"content":{"rendered":"<div class=\"wpb-content-wrapper\"><p>[vc_row][vc_column width=&#8221;1\/4&#8243;]\n        <div class=\"single-team-member text-center \">\n            <div class=\"member-image\">\n                <img decoding=\"async\" src=\"https:\/\/agpack.com.tr\/wp-content\/uploads\/2025\/03\/umit-2-200x200.png\" alt=\"\">\n            <\/div>\n            \n            <div class=\"member-content\">\n                <h4>\u00dcmit K\u00d6KSAL - Kurucu Ortak<\/h4>\n                <p>Ankara \u00dcniversitesi DTCF mezunudur. 11 y\u0131l boyunca profesyonel olarak voleybol oynam\u0131\u015ft\u0131r. 25 y\u0131l T\u00dcRK HENKEL A.\u015e\u2019de \u00dcst D\u00fczey Sat\u0131\u015f M\u00fcd\u00fcrl\u00fc\u011f\u00fc yapm\u0131\u015ft\u0131r. Evli ve 2 k\u0131z babas\u0131d\u0131r.<\/p>\n            <\/div>        \n                <div class=\"member-icons\">\n                    <ul class=\"no-list-style\">                \n                    <\/ul>\n                <\/div>\n        <\/div>\n    [\/vc_column][vc_column width=&#8221;1\/4&#8243;]\n        <div class=\"single-team-member text-center \">\n            <div class=\"member-image\">\n                <img decoding=\"async\" src=\"https:\/\/agpack.com.tr\/wp-content\/uploads\/2025\/03\/ziya-1-200x200.png\" alt=\"\">\n            <\/div>\n            \n            <div class=\"member-content\">\n                <h4>Ziya YA\u015eAT -  Kurucu Ortak \/ End\u00fcstri M\u00fchendisi<\/h4>\n                <p>2015 y\u0131l\u0131nda TOBB ET\u00dc End\u00fcstri M\u00fchendisli\u011fi b\u00f6l\u00fcm\u00fcnden mezun olmu\u015ftur. 1 y\u0131l Kanada\u2019da dil e\u011fitimi alm\u0131\u015ft\u0131r. Aile \u015firketi YA\u015eAT Plastik\u2019te 7 y\u0131l y\u00f6neticilik yapm\u0131\u015ft\u0131r. Evli ve 1 erkek \u00e7ocuk babas\u0131d\u0131r.<\/p>\n            <\/div>        \n                <div class=\"member-icons\">\n                    <ul class=\"no-list-style\">                \n                    <\/ul>\n                <\/div>\n        <\/div>\n    [\/vc_column][vc_column width=&#8221;1\/4&#8243;]\n        <div class=\"single-team-member text-center \">\n            <div class=\"member-image\">\n                <img decoding=\"async\" src=\"https:\/\/agpack.com.tr\/wp-content\/uploads\/2025\/03\/arzu-1.png\" alt=\"\">\n            <\/div>\n            \n            <div class=\"member-content\">\n                <h4>Arzu K\u00d6KSAL - Kurucu Ortak \/ G\u0131da M\u00fchendisi<\/h4>\n                <p>ODT\u00dc G\u0131da M\u00fchendisli\u011fi B\u00f6l\u00fcm\u00fc mezunudur. 15 y\u0131l profesyonel olarak basketbol oynam\u0131\u015ft\u0131r. P\u0130YALE, T\u00fcrk Henkel A.\u015e., DO\u011eADAN gibi ulusal ve uluslararas\u0131 firmalarda sat\u0131\u015f ve pazarlama departmanlar\u0131nda y\u00f6netici olarak g\u00f6rev alm\u0131\u015ft\u0131r. Ki\u015fisel Geli\u015fim alan\u0131nda Master Trainer \u00fcnvan\u0131na sahip olup, evli ve 2 k\u0131z annesidir.<\/p>\n            <\/div>        \n                <div class=\"member-icons\">\n                    <ul class=\"no-list-style\">                \n                    <\/ul>\n                <\/div>\n        <\/div>\n    [\/vc_column][vc_column width=&#8221;1\/4&#8243;]\n        <div class=\"single-team-member text-center \">\n            <div class=\"member-image\">\n                <img decoding=\"async\" src=\"https:\/\/agpack.com.tr\/wp-content\/uploads\/2025\/03\/gizem-1-200x200.png\" alt=\"\">\n            <\/div>\n            \n            <div class=\"member-content\">\n                <h4>Gizem YA\u015eAT - Kurucu Ortak \/ Bilgisayar M\u00fchendisi<\/h4>\n                <p>2015 y\u0131l\u0131nda TOBB ET\u00dc Bilgisayar M\u00fchendisli\u011fi b\u00f6l\u00fcm\u00fcnden mezun olmu\u015ftur. Savunma Sanayi sekt\u00f6r\u00fcnde faaliyet g\u00f6steren AYESA\u015e firmas\u0131nda 5 y\u0131l, ESEN firmas\u0131nda 3 y\u0131l yaz\u0131l\u0131m alan\u0131nda g\u00f6rev alm\u0131\u015ft\u0131r. Evli ve 1 erkek \u00e7ocuk annesidir.<\/p>\n            <\/div>        \n                <div class=\"member-icons\">\n                    <ul class=\"no-list-style\">                \n                    <\/ul>\n                <\/div>\n        <\/div>\n    [\/vc_column][\/vc_row]<\/p>\n<\/div>","protected":false},"excerpt":{"rendered":"<p>[vc_row][vc_column width=&#8221;1\/4&#8243;][\/vc_column][vc_column width=&#8221;1\/4&#8243;][\/vc_column][vc_column width=&#8221;1\/4&#8243;][\/vc_column][vc_column width=&#8221;1\/4&#8243;][\/vc_column][\/vc_row]<\/p>\n","protected":false},"author":1,"featured_media":0,"parent":0,"menu_order":0,"comment_status":"closed","ping_status":"closed","template":"","meta":{"footnotes":""},"class_list":["post-2232","page","type-page","status-publish","hentry"],"_links":{"self":[{"href":"https:\/\/agpack.com.tr\/index.php?rest_route=\/wp\/v2\/pages\/2232","targetHints":{"allow":["GET"]}}],"collection":[{"href":"https:\/\/agpack.com.tr\/index.php?rest_route=\/wp\/v2\/pages"}],"about":[{"href":"https:\/\/agpack.com.tr\/index.php?rest_route=\/wp\/v2\/types\/page"}],"author":[{"embeddable":true,"href":"https:\/\/agpack.com.tr\/index.php?rest_route=\/wp\/v2\/users\/1"}],"replies":[{"embeddable":true,"href":"https:\/\/agpack.com.tr\/index.php?rest_route=%2Fwp%2Fv2%2Fcomments&post=2232"}],"version-history":[{"count":6,"href":"https:\/\/agpack.com.tr\/index.php?rest_route=\/wp\/v2\/pages\/2232\/revisions"}],"predecessor-version":[{"id":2525,"href":"https:\/\/agpack.com.tr\/index.php?rest_route=\/wp\/v2\/pages\/2232\/revisions\/2525"}],"wp:attachment":[{"href":"https:\/\/agpack.com.tr\/index.php?rest_route=%2Fwp%2Fv2%2Fmedia&parent=2232"}],"curies":[{"name":"wp","href":"https:\/\/api.w.org\/{rel}","templated":true}]}}