{"id":2260,"date":"2025-03-25T08:24:44","date_gmt":"2025-03-25T08:24:44","guid":{"rendered":"http:\/\/agpack.com.tr\/?page_id=2260"},"modified":"2025-03-28T10:42:26","modified_gmt":"2025-03-28T10:42:26","slug":"e-katalog","status":"publish","type":"page","link":"https:\/\/agpack.com.tr\/?page_id=2260","title":{"rendered":"E-Katalog"},"content":{"rendered":"<div class=\"wpb-content-wrapper\"><p>[vc_section][vc_row][vc_column]\n        <div class=\"section-title-wrapper \" style=\"color: #000000\">\n            <div class=\"row text-center\">\n                <div class=\"col-xl-6 offset-xl-3 col-lg-8 offset-lg-2 col-md-10 offset-md-1\">  \n                    <h2 class=\"section-title\" style=\"color:#083557\">AG PACK E-Kataloglar\u0131m\u0131z<\/h2>\n                    <ul class=\"title-shape no-list-style text-center\">\n                        <li style=\"background: #054575\"><\/li>\n                        <li style=\"background: #054575\"><\/li>\n                        <li style=\"background: #054575\"><\/li>\n                    <\/ul>\n                    <p>AG PACK Ka\u011f\u0131t Grubu E-Katalog (TR\/EN)<br \/>\nAG PACK \u00c7\u00f6p Po\u015feti Grubu E-Katalog (TR\/EN)<\/p>\n\n                <\/div>\n            <\/div>   \n        <\/div>\n    [\/vc_column][\/vc_row][\/vc_section][vc_section][vc_row][vc_column width=&#8221;1\/2&#8243;][vc_raw_html css=&#8221;&#8221;]JTVCZGZsaXAlMjBpZCUzRCUyMjIzMDglMjIlNUQlNUIlMkZkZmxpcCU1RA==[\/vc_raw_html][\/vc_column][vc_column width=&#8221;1\/2&#8243;][vc_raw_html css=&#8221;&#8221;]JTVCZGZsaXAlMjBpZCUzRCUyMjIzMTclMjIlNUQlNUIlMkZkZmxpcCU1RA==[\/vc_raw_html][\/vc_column][\/vc_row][vc_row][vc_column width=&#8221;1\/2&#8243;][vc_raw_html css=&#8221;&#8221;]JTVCZGZsaXAlMjBpZCUzRCUyMjIyNjMlMjIlNUQlNUIlMkZkZmxpcCU1RA==[\/vc_raw_html][\/vc_column][vc_column width=&#8221;1\/2&#8243;][vc_raw_html css=&#8221;&#8221;]JTVCZGZsaXAlMjBpZCUzRCUyMjIzMjAlMjIlNUQlNUIlMkZkZmxpcCU1RA==[\/vc_raw_html][\/vc_column][\/vc_row][vc_row][vc_column width=&#8221;1\/2&#8243;][vc_raw_html css=&#8221;&#8221;]JTVCZGZsaXAlMjBpZCUzRCUyMjIzMTIlMjIlNUQlNUIlMkZkZmxpcCU1RA==[\/vc_raw_html][\/vc_column][\/vc_row][\/vc_section]<\/p>\n<\/div>","protected":false},"excerpt":{"rendered":"<p>[vc_section][vc_row][vc_column][\/vc_column][\/vc_row][\/vc_section][vc_section][vc_row][vc_column width=&#8221;1\/2&#8243;][vc_raw_html css=&#8221;&#8221;]JTVCZGZsaXAlMjBpZCUzRCUyMjIzMDglMjIlNUQlNUIlMkZkZmxpcCU1RA==[\/vc_raw_html][\/vc_column][vc_column width=&#8221;1\/2&#8243;][vc_raw_html css=&#8221;&#8221;]JTVCZGZsaXAlMjBpZCUzRCUyMjIzMTclMjIlNUQlNUIlMkZkZmxpcCU1RA==[\/vc_raw_html][\/vc_column][\/vc_row][vc_row][vc_column width=&#8221;1\/2&#8243;][vc_raw_html css=&#8221;&#8221;]JTVCZGZsaXAlMjBpZCUzRCUyMjIyNjMlMjIlNUQlNUIlMkZkZmxpcCU1RA==[\/vc_raw_html][\/vc_column][vc_column width=&#8221;1\/2&#8243;][vc_raw_html css=&#8221;&#8221;]JTVCZGZsaXAlMjBpZCUzRCUyMjIzMjAlMjIlNUQlNUIlMkZkZmxpcCU1RA==[\/vc_raw_html][\/vc_column][\/vc_row][vc_row][vc_column width=&#8221;1\/2&#8243;][vc_raw_html css=&#8221;&#8221;]JTVCZGZsaXAlMjBpZCUzRCUyMjIzMTIlMjIlNUQlNUIlMkZkZmxpcCU1RA==[\/vc_raw_html][\/vc_column][\/vc_row][\/vc_section]<\/p>\n","protected":false},"author":1,"featured_media":0,"parent":0,"menu_order":0,"comment_status":"closed","ping_status":"closed","template":"","meta":{"footnotes":""},"class_list":["post-2260","page","type-page","status-publish","hentry"],"_links":{"self":[{"href":"https:\/\/agpack.com.tr\/index.php?rest_route=\/wp\/v2\/pages\/2260","targetHints":{"allow":["GET"]}}],"collection":[{"href":"https:\/\/agpack.com.tr\/index.php?rest_route=\/wp\/v2\/pages"}],"about":[{"href":"https:\/\/agpack.com.tr\/index.php?rest_route=\/wp\/v2\/types\/page"}],"author":[{"embeddable":true,"href":"https:\/\/agpack.com.tr\/index.php?rest_route=\/wp\/v2\/users\/1"}],"replies":[{"embeddable":true,"href":"https:\/\/agpack.com.tr\/index.php?rest_route=%2Fwp%2Fv2%2Fcomments&post=2260"}],"version-history":[{"count":10,"href":"https:\/\/agpack.com.tr\/index.php?rest_route=\/wp\/v2\/pages\/2260\/revisions"}],"predecessor-version":[{"id":2568,"href":"https:\/\/agpack.com.tr\/index.php?rest_route=\/wp\/v2\/pages\/2260\/revisions\/2568"}],"wp:attachment":[{"href":"https:\/\/agpack.com.tr\/index.php?rest_route=%2Fwp%2Fv2%2Fmedia&parent=2260"}],"curies":[{"name":"wp","href":"https:\/\/api.w.org\/{rel}","templated":true}]}}